{"id":70552,"date":"2025-02-10T11:22:54","date_gmt":"2025-02-10T10:22:54","guid":{"rendered":"https:\/\/cndestetik.ch\/prodotto\/huile-de-noix-de-coco\/"},"modified":"2025-02-10T11:22:54","modified_gmt":"2025-02-10T10:22:54","slug":"huile-de-noix-de-coco","status":"publish","type":"product","link":"https:\/\/cndestetik.ch\/fr\/prodotto\/huile-de-noix-de-coco\/","title":{"rendered":"HUILE DE NOIX DE COCO"},"content":{"rendered":"<p><span data-sheets-root=\"1\">Le compagnon id\u00e9al de votre \u00e9t\u00e9 : une huile corporelle riche en acides gras essentiels, en vitamine E et en antioxydants, aux propri\u00e9t\u00e9s \u00e9mollientes, nourrissantes et hydratantes. Utilisez-la \u00e9galement pour r\u00e9g\u00e9n\u00e9rer vos cheveux apr\u00e8s une journ\u00e9e \u00e0 la plage ! <\/span><\/p>\n<p>Taille : 100ml. &#8211; 1000ml.<\/p>\n<p>Prix de vente recommand\u00e9 : 18,50CHF<\/p>\n","protected":false},"excerpt":{"rendered":"<p>Elle a des propri\u00e9t\u00e9s \u00e9mollientes, nourrissantes et hydratantes. Utilisez-la \u00e9galement pour r\u00e9g\u00e9n\u00e9rer vos cheveux apr\u00e8s une journ\u00e9e \u00e0 la plage ! <\/p>\n","protected":false},"featured_media":68877,"template":"","meta":{"_acf_changed":false},"product_brand":[],"product_cat":[13048,12987,1494],"product_tag":[13209,2184,13172,418,13057,9146,549],"class_list":{"0":"post-70552","1":"product","2":"type-product","3":"status-publish","4":"has-post-thumbnail","6":"product_cat-ahura-fr","7":"product_cat-corps","8":"product_cat-cosmetiques","9":"product_tag-adoucisseur","10":"product_tag-huile-fr","11":"product_tag-moschata-fr","12":"product_tag-noix-de-coco","13":"product_tag-papaye","14":"product_tag-reparation-du-site","15":"product_tag-rose-fr","16":"pa_formato-1000ml-fr","17":"pa_formato-100ml-fr","19":"first","20":"instock","21":"taxable","22":"shipping-taxable","23":"purchasable","24":"product-type-variable"},"acf":[],"jetpack_sharing_enabled":true,"_links":{"self":[{"href":"https:\/\/cndestetik.ch\/fr\/wp-json\/wp\/v2\/product\/70552","targetHints":{"allow":["GET"]}}],"collection":[{"href":"https:\/\/cndestetik.ch\/fr\/wp-json\/wp\/v2\/product"}],"about":[{"href":"https:\/\/cndestetik.ch\/fr\/wp-json\/wp\/v2\/types\/product"}],"wp:featuredmedia":[{"embeddable":true,"href":"https:\/\/cndestetik.ch\/fr\/wp-json\/wp\/v2\/media\/68877"}],"wp:attachment":[{"href":"https:\/\/cndestetik.ch\/fr\/wp-json\/wp\/v2\/media?parent=70552"}],"wp:term":[{"taxonomy":"product_brand","embeddable":true,"href":"https:\/\/cndestetik.ch\/fr\/wp-json\/wp\/v2\/product_brand?post=70552"},{"taxonomy":"product_cat","embeddable":true,"href":"https:\/\/cndestetik.ch\/fr\/wp-json\/wp\/v2\/product_cat?post=70552"},{"taxonomy":"product_tag","embeddable":true,"href":"https:\/\/cndestetik.ch\/fr\/wp-json\/wp\/v2\/product_tag?post=70552"}],"curies":[{"name":"wp","href":"https:\/\/api.w.org\/{rel}","templated":true}]}}