{"id":70547,"date":"2025-02-10T11:09:22","date_gmt":"2025-02-10T10:09:22","guid":{"rendered":"https:\/\/cndestetik.ch\/prodotto\/lotion-spray-spf-50-lait-solaire-spray-visage-corps\/"},"modified":"2025-02-10T11:09:22","modified_gmt":"2025-02-10T10:09:22","slug":"lotion-spray-spf-50-lait-solaire-spray-visage-corps","status":"publish","type":"product","link":"https:\/\/cndestetik.ch\/fr\/prodotto\/lotion-spray-spf-50-lait-solaire-spray-visage-corps\/","title":{"rendered":"Lotion Spray SPF 50 Lait Solaire Spray Visage &amp; Corps"},"content":{"rendered":"<p>Cette formule ultra-l\u00e9g\u00e8re et \u00e0 absorption rapide d\u00e9fend la peau et pr\u00e9vient les dommages caus\u00e9s par les UV, en luttant contre le photovieillissement et en s\u00e9curisant l&#8217;exposition au soleil. L&#8217;arginine et ses propri\u00e9t\u00e9s hydratantes apportent un confort imm\u00e9diat et laissent la peau durablement hydrat\u00e9e et douce. <\/p>\n<p>R\u00e9sistant \u00e0 l&#8217;eau. Le pulv\u00e9risateur pratique permet une distribution facile et correcte, quelle que soit l&#8217;inclinaison. <\/p>\n<p>Taille : 200ml.<\/p>\n<p>Prix de vente recommand\u00e9 : 33CHF<\/p>\n","protected":false},"excerpt":{"rendered":"<p>Une plateforme de filtres \u00e0 large spectre, respectueuse des r\u00e9cifs, a \u00e9t\u00e9 s\u00e9lectionn\u00e9e pour offrir une protection SPF 50 efficace et durable.<\/p>\n","protected":false},"featured_media":70499,"template":"","meta":{"_acf_changed":false},"product_brand":[],"product_cat":[12987,3299,12994],"product_tag":[4125,4087,7891],"class_list":{"0":"post-70547","1":"product","2":"type-product","3":"status-publish","4":"has-post-thumbnail","6":"product_cat-corps","7":"product_cat-04-solari-fr","8":"product_cat-spa-beaute","9":"product_tag-lait","10":"product_tag-solaire","11":"product_tag-vaporiser","13":"first","14":"instock","15":"taxable","16":"shipping-taxable","17":"purchasable","18":"product-type-simple"},"acf":[],"jetpack_sharing_enabled":true,"_links":{"self":[{"href":"https:\/\/cndestetik.ch\/fr\/wp-json\/wp\/v2\/product\/70547","targetHints":{"allow":["GET"]}}],"collection":[{"href":"https:\/\/cndestetik.ch\/fr\/wp-json\/wp\/v2\/product"}],"about":[{"href":"https:\/\/cndestetik.ch\/fr\/wp-json\/wp\/v2\/types\/product"}],"wp:featuredmedia":[{"embeddable":true,"href":"https:\/\/cndestetik.ch\/fr\/wp-json\/wp\/v2\/media\/70499"}],"wp:attachment":[{"href":"https:\/\/cndestetik.ch\/fr\/wp-json\/wp\/v2\/media?parent=70547"}],"wp:term":[{"taxonomy":"product_brand","embeddable":true,"href":"https:\/\/cndestetik.ch\/fr\/wp-json\/wp\/v2\/product_brand?post=70547"},{"taxonomy":"product_cat","embeddable":true,"href":"https:\/\/cndestetik.ch\/fr\/wp-json\/wp\/v2\/product_cat?post=70547"},{"taxonomy":"product_tag","embeddable":true,"href":"https:\/\/cndestetik.ch\/fr\/wp-json\/wp\/v2\/product_tag?post=70547"}],"curies":[{"name":"wp","href":"https:\/\/api.w.org\/{rel}","templated":true}]}}