{"id":70545,"date":"2025-02-10T11:09:23","date_gmt":"2025-02-10T10:09:23","guid":{"rendered":"https:\/\/cndestetik.ch\/prodotto\/lotion-spray-spf-15-lait-solaire-spray-visage-corps\/"},"modified":"2025-02-10T11:09:23","modified_gmt":"2025-02-10T10:09:23","slug":"lotion-spray-spf-15-lait-solaire-spray-visage-corps","status":"publish","type":"product","link":"https:\/\/cndestetik.ch\/fr\/prodotto\/lotion-spray-spf-15-lait-solaire-spray-visage-corps\/","title":{"rendered":"Lotion Spray SPF 15 Lait Solaire Spray Visage &amp; Corps"},"content":{"rendered":"<p>Une formule fra\u00eeche et parfum\u00e9e pour une protection solaire SFP 15 garantie par des filtres solaires \u00e0 large spectre, photostables et respectueux de l&#8217;environnement marin. L&#8217;extrait de Physalis angulata d\u00e9fend la peau contre les dommages induits par la chaleur et les rayons infrarouges, pr\u00e9venant ainsi le photovieillissement, tandis que l&#8217;arginine exerce une action hydratante et r\u00e9paratrice. La texture fluide et l\u00e9g\u00e8re p\u00e9n\u00e8tre rapidement et n&#8217;est pas grasse, laissant la peau douce et velout\u00e9e m\u00eame apr\u00e8s l&#8217;exposition au soleil. <\/p>\n<p>R\u00e9sistant \u00e0 l&#8217;eau. Le pulv\u00e9risateur pratique permet une distribution facile et correcte, quel que soit l&#8217;angle adopt\u00e9. <\/p>\n<p>Taille : 200ml.<\/p>\n<p>Prix de vente recommand\u00e9 : 25CHF<\/p>\n","protected":false},"excerpt":{"rendered":"<p>Une formule fra\u00eeche et parfum\u00e9e pour une protection solaire SFP 15 garantie par des filtres solaires \u00e0 large spectre, photostables et respectueux de l&#8217;environnement marin.<\/p>\n","protected":false},"featured_media":70481,"template":"","meta":{"_acf_changed":false},"product_brand":[],"product_cat":[12987,3299,12994],"product_tag":[4125,4087,7891],"class_list":{"0":"post-70545","1":"product","2":"type-product","3":"status-publish","4":"has-post-thumbnail","6":"product_cat-corps","7":"product_cat-04-solari-fr","8":"product_cat-spa-beaute","9":"product_tag-lait","10":"product_tag-solaire","11":"product_tag-vaporiser","13":"first","14":"instock","15":"taxable","16":"shipping-taxable","17":"purchasable","18":"product-type-simple"},"acf":[],"jetpack_sharing_enabled":true,"_links":{"self":[{"href":"https:\/\/cndestetik.ch\/fr\/wp-json\/wp\/v2\/product\/70545","targetHints":{"allow":["GET"]}}],"collection":[{"href":"https:\/\/cndestetik.ch\/fr\/wp-json\/wp\/v2\/product"}],"about":[{"href":"https:\/\/cndestetik.ch\/fr\/wp-json\/wp\/v2\/types\/product"}],"wp:featuredmedia":[{"embeddable":true,"href":"https:\/\/cndestetik.ch\/fr\/wp-json\/wp\/v2\/media\/70481"}],"wp:attachment":[{"href":"https:\/\/cndestetik.ch\/fr\/wp-json\/wp\/v2\/media?parent=70545"}],"wp:term":[{"taxonomy":"product_brand","embeddable":true,"href":"https:\/\/cndestetik.ch\/fr\/wp-json\/wp\/v2\/product_brand?post=70545"},{"taxonomy":"product_cat","embeddable":true,"href":"https:\/\/cndestetik.ch\/fr\/wp-json\/wp\/v2\/product_cat?post=70545"},{"taxonomy":"product_tag","embeddable":true,"href":"https:\/\/cndestetik.ch\/fr\/wp-json\/wp\/v2\/product_tag?post=70545"}],"curies":[{"name":"wp","href":"https:\/\/api.w.org\/{rel}","templated":true}]}}