{"id":70540,"date":"2025-02-10T11:09:23","date_gmt":"2025-02-10T10:09:23","guid":{"rendered":"https:\/\/cndestetik.ch\/prodotto\/lotion-spray-spf-30-spray-lait-solaire-visage-corps\/"},"modified":"2025-02-10T11:09:23","modified_gmt":"2025-02-10T10:09:23","slug":"lotion-spray-spf-30-spray-lait-solaire-visage-corps","status":"publish","type":"product","link":"https:\/\/cndestetik.ch\/fr\/prodotto\/lotion-spray-spf-30-spray-lait-solaire-visage-corps\/","title":{"rendered":"Lotion Spray SPF 30 Spray Lait Solaire Visage &amp; Corps"},"content":{"rendered":"<p>La plateforme filtrante photostable \u00e0 large spectre respecte le r\u00e9cif corallien et offre une protection SPF 30, tandis que l&#8217;extrait de Physalis angulata prot\u00e8ge contre les dommages caus\u00e9s par la chaleur et les infrarouges et restaure la fonction dermique. Les propri\u00e9t\u00e9s hydratantes et soyeuses de l&#8217;arginine conf\u00e8rent \u00e0 la peau un toucher velout\u00e9, m\u00eame apr\u00e8s l&#8217;exposition au soleil. <\/p>\n<p>R\u00e9sistant \u00e0 l&#8217;eau. Le pulv\u00e9risateur pratique permet une distribution facile et correcte, quel que soit l&#8217;angle adopt\u00e9. <\/p>\n<p>Taille : 200ml.<\/p>\n<p>Prix de vente recommand\u00e9 : 29CHF<\/p>\n","protected":false},"excerpt":{"rendered":"<p>Protection efficace contre les rayons UV et infrarouges gr\u00e2ce \u00e0 une formule fra\u00eeche et l\u00e9g\u00e8re qui p\u00e9n\u00e8tre facilement sans effet gras.<\/p>\n","protected":false},"featured_media":70494,"template":"","meta":{"_acf_changed":false},"product_brand":[],"product_cat":[12987,3299,12994],"product_tag":[4125,4087,7891],"class_list":{"0":"post-70540","1":"product","2":"type-product","3":"status-publish","4":"has-post-thumbnail","6":"product_cat-corps","7":"product_cat-04-solari-fr","8":"product_cat-spa-beaute","9":"product_tag-lait","10":"product_tag-solaire","11":"product_tag-vaporiser","13":"first","14":"instock","15":"taxable","16":"shipping-taxable","17":"purchasable","18":"product-type-simple"},"acf":[],"jetpack_sharing_enabled":true,"_links":{"self":[{"href":"https:\/\/cndestetik.ch\/fr\/wp-json\/wp\/v2\/product\/70540","targetHints":{"allow":["GET"]}}],"collection":[{"href":"https:\/\/cndestetik.ch\/fr\/wp-json\/wp\/v2\/product"}],"about":[{"href":"https:\/\/cndestetik.ch\/fr\/wp-json\/wp\/v2\/types\/product"}],"wp:featuredmedia":[{"embeddable":true,"href":"https:\/\/cndestetik.ch\/fr\/wp-json\/wp\/v2\/media\/70494"}],"wp:attachment":[{"href":"https:\/\/cndestetik.ch\/fr\/wp-json\/wp\/v2\/media?parent=70540"}],"wp:term":[{"taxonomy":"product_brand","embeddable":true,"href":"https:\/\/cndestetik.ch\/fr\/wp-json\/wp\/v2\/product_brand?post=70540"},{"taxonomy":"product_cat","embeddable":true,"href":"https:\/\/cndestetik.ch\/fr\/wp-json\/wp\/v2\/product_cat?post=70540"},{"taxonomy":"product_tag","embeddable":true,"href":"https:\/\/cndestetik.ch\/fr\/wp-json\/wp\/v2\/product_tag?post=70540"}],"curies":[{"name":"wp","href":"https:\/\/api.w.org\/{rel}","templated":true}]}}