{"id":70539,"date":"2025-02-10T11:09:23","date_gmt":"2025-02-10T10:09:23","guid":{"rendered":"https:\/\/cndestetik.ch\/prodotto\/beurre-apres-soleil-visage-et-corps\/"},"modified":"2025-02-10T11:09:23","modified_gmt":"2025-02-10T10:09:23","slug":"beurre-apres-soleil-visage-et-corps","status":"publish","type":"product","link":"https:\/\/cndestetik.ch\/fr\/prodotto\/beurre-apres-soleil-visage-et-corps\/","title":{"rendered":"Beurre apr\u00e8s-soleil visage et corps"},"content":{"rendered":"<p>La consistance du beurre, la couleur du citron vert, un parfum frais et satisfaisant, dans un produit apr\u00e8s-soleil \u00e0 l&#8217;action nourrissante et apaisante. Les huiles sp\u00e9ciales de Macadamia et de Coco hydratent la peau, lui donnant un toucher doux et velout\u00e9, tandis que l&#8217;Oryzanol pr\u00e9vient le photovieillissement.<\/p>\n<p>Parall\u00e8lement, un ingr\u00e9dient technique extrait de la menthe poivr\u00e9e et riche en flavono\u00efdes agit sur la r\u00e9activit\u00e9 de la peau (action calmante) et la perception sensorielle (effet de confort), ramenant la peau \u00e0 un \u00e9tat optimal d&#8217;\u00e9quilibre et de bien-\u00eatre. Format : 250ml. Prix de vente conseill\u00e9 : 37CHF<\/p>\n","protected":false},"excerpt":{"rendered":"<p>La consistance du beurre, la couleur du citron vert, un parfum frais et agr\u00e9able, dans un produit apr\u00e8s-soleil \u00e0 l&#8217;action nourrissante et apaisante.<\/p>\n","protected":false},"featured_media":70468,"template":"","meta":{"_acf_changed":false},"product_brand":[],"product_cat":[12987,3299,12994],"product_tag":[4141,593,1890,13677,13352],"class_list":{"0":"post-70539","1":"product","2":"type-product","3":"status-publish","4":"has-post-thumbnail","6":"product_cat-corps","7":"product_cat-04-solari-fr","8":"product_cat-spa-beaute","9":"product_tag-apres-soleil","10":"product_tag-creme-hydratante","11":"product_tag-emulsion-fr","12":"product_tag-fleuri-fr","13":"product_tag-veloute-fr","15":"first","16":"instock","17":"taxable","18":"shipping-taxable","19":"purchasable","20":"product-type-simple"},"acf":[],"jetpack_sharing_enabled":true,"_links":{"self":[{"href":"https:\/\/cndestetik.ch\/fr\/wp-json\/wp\/v2\/product\/70539","targetHints":{"allow":["GET"]}}],"collection":[{"href":"https:\/\/cndestetik.ch\/fr\/wp-json\/wp\/v2\/product"}],"about":[{"href":"https:\/\/cndestetik.ch\/fr\/wp-json\/wp\/v2\/types\/product"}],"wp:featuredmedia":[{"embeddable":true,"href":"https:\/\/cndestetik.ch\/fr\/wp-json\/wp\/v2\/media\/70468"}],"wp:attachment":[{"href":"https:\/\/cndestetik.ch\/fr\/wp-json\/wp\/v2\/media?parent=70539"}],"wp:term":[{"taxonomy":"product_brand","embeddable":true,"href":"https:\/\/cndestetik.ch\/fr\/wp-json\/wp\/v2\/product_brand?post=70539"},{"taxonomy":"product_cat","embeddable":true,"href":"https:\/\/cndestetik.ch\/fr\/wp-json\/wp\/v2\/product_cat?post=70539"},{"taxonomy":"product_tag","embeddable":true,"href":"https:\/\/cndestetik.ch\/fr\/wp-json\/wp\/v2\/product_tag?post=70539"}],"curies":[{"name":"wp","href":"https:\/\/api.w.org\/{rel}","templated":true}]}}