{"id":70534,"date":"2025-02-10T11:09:23","date_gmt":"2025-02-10T10:09:23","guid":{"rendered":"https:\/\/cndestetik.ch\/prodotto\/facial-cream-spf-50-acneic-skin-specific-sun-face-cream\/"},"modified":"2025-02-10T11:09:23","modified_gmt":"2025-02-10T10:09:23","slug":"facial-cream-spf-50-acneic-skin-specific-sun-face-cream","status":"publish","type":"product","link":"https:\/\/cndestetik.ch\/fr\/prodotto\/facial-cream-spf-50-acneic-skin-specific-sun-face-cream\/","title":{"rendered":"Facial Cream SPF 50+ Acneic Skin Specific Sun Face Cream"},"content":{"rendered":"<p>Les peaux \u00e0 tendance acn\u00e9ique n\u00e9cessitent une attention particuli\u00e8re lors de l&#8217;exposition au soleil.<br \/>\nPour ce type de peau, Beauty Spa propose un produit qui agit en synergie : les Avenantramides exercent une action adoucissante et apaisante, tandis qu&#8217;une nouvelle mol\u00e9cule technologique prot\u00e8ge des d\u00e9sordres pigmentaires tout en exer\u00e7ant une action photo-protectrice, renforc\u00e9e par le Niacinamide. Enfin, un ingr\u00e9dient \u00e0 base de fibres naturelles de cellulose lutte contre la brillance et l&#8217;exc\u00e8s de s\u00e9bum.  <\/p>\n<p>La texture sp\u00e9ciale favorise l&#8217;application correcte du produit, ce qui garantit protection et confort.<\/p>\n<p>Taille : 50ml.<\/p>\n<p>Prix de vente recommand\u00e9 : 33CHF<\/p>\n","protected":false},"excerpt":{"rendered":"<p>La texture sp\u00e9ciale favorise l&#8217;application correcte du produit, ce qui garantit protection et confort.<\/p>\n","protected":false},"featured_media":70443,"template":"","meta":{"_acf_changed":false},"product_brand":[],"product_cat":[12987,3299,12994],"product_tag":[13674,7153,2098,767],"class_list":{"0":"post-70534","1":"product","2":"type-product","3":"status-publish","4":"has-post-thumbnail","6":"product_cat-corps","7":"product_cat-04-solari-fr","8":"product_cat-spa-beaute","9":"product_tag-autobronzants","10":"product_tag-gouttes","11":"product_tag-tan-fr","12":"product_tag-tanner","14":"first","15":"instock","16":"taxable","17":"shipping-taxable","18":"purchasable","19":"product-type-simple"},"acf":[],"jetpack_sharing_enabled":true,"_links":{"self":[{"href":"https:\/\/cndestetik.ch\/fr\/wp-json\/wp\/v2\/product\/70534","targetHints":{"allow":["GET"]}}],"collection":[{"href":"https:\/\/cndestetik.ch\/fr\/wp-json\/wp\/v2\/product"}],"about":[{"href":"https:\/\/cndestetik.ch\/fr\/wp-json\/wp\/v2\/types\/product"}],"wp:featuredmedia":[{"embeddable":true,"href":"https:\/\/cndestetik.ch\/fr\/wp-json\/wp\/v2\/media\/70443"}],"wp:attachment":[{"href":"https:\/\/cndestetik.ch\/fr\/wp-json\/wp\/v2\/media?parent=70534"}],"wp:term":[{"taxonomy":"product_brand","embeddable":true,"href":"https:\/\/cndestetik.ch\/fr\/wp-json\/wp\/v2\/product_brand?post=70534"},{"taxonomy":"product_cat","embeddable":true,"href":"https:\/\/cndestetik.ch\/fr\/wp-json\/wp\/v2\/product_cat?post=70534"},{"taxonomy":"product_tag","embeddable":true,"href":"https:\/\/cndestetik.ch\/fr\/wp-json\/wp\/v2\/product_tag?post=70534"}],"curies":[{"name":"wp","href":"https:\/\/api.w.org\/{rel}","templated":true}]}}