{"id":70531,"date":"2025-02-10T11:09:23","date_gmt":"2025-02-10T10:09:23","guid":{"rendered":"https:\/\/cndestetik.ch\/prodotto\/tan-drops-gouttes-autobronzantes-concentrees-visage-et-corps\/"},"modified":"2025-02-10T11:09:23","modified_gmt":"2025-02-10T10:09:23","slug":"tan-drops-gouttes-autobronzantes-concentrees-visage-et-corps","status":"publish","type":"product","link":"https:\/\/cndestetik.ch\/fr\/prodotto\/tan-drops-gouttes-autobronzantes-concentrees-visage-et-corps\/","title":{"rendered":"Tan Drops Gouttes autobronzantes concentr\u00e9es Visage et corps"},"content":{"rendered":"<p>Gouttes autobronzantes ultra-concentr\u00e9es, formul\u00e9es pour intensifier le teint et donner \u00e0 la peau un effet naturellement h\u00e2l\u00e9 et lumineux.<\/p>\n<p>Utilis\u00e9s directement sur la peau du visage et du corps, ils ont une action rapide et intense ; m\u00e9lang\u00e9s \u00e0 des cr\u00e8mes de soin, ils r\u00e9chauffent progressivement le teint jusqu&#8217;au ton d\u00e9sir\u00e9. Ce bronzer liquide modulable sp\u00e9cial est id\u00e9al pour tous les types de peau et, gr\u00e2ce \u00e0 l&#8217;huile de tournesol, il combine un effet autobronzant avec une action hydratante, \u00e9lastique et pr\u00e9ventive contre les signes de l&#8217;\u00e2ge. La pr\u00e9sence de DHA garantit un r\u00e9sultat rapide, s\u00fbr et sans imperfections.  <\/p>\n<p>Taille : 100ml.<\/p>\n<p>Prix de vente recommand\u00e9 : 33CHF<\/p>\n","protected":false},"excerpt":{"rendered":"<p>Gouttes autobronzantes ultra-concentr\u00e9es, formul\u00e9es pour intensifier le teint et donner \u00e0 la peau un effet naturellement h\u00e2l\u00e9 et lumineux.<\/p>\n","protected":false},"featured_media":70430,"template":"","meta":{"_acf_changed":false},"product_brand":[],"product_cat":[12987,3299,12994],"product_tag":[13674,7153,2098,767],"class_list":{"0":"post-70531","1":"product","2":"type-product","3":"status-publish","4":"has-post-thumbnail","6":"product_cat-corps","7":"product_cat-04-solari-fr","8":"product_cat-spa-beaute","9":"product_tag-autobronzants","10":"product_tag-gouttes","11":"product_tag-tan-fr","12":"product_tag-tanner","14":"first","15":"instock","16":"taxable","17":"shipping-taxable","18":"purchasable","19":"product-type-simple"},"acf":[],"jetpack_sharing_enabled":true,"_links":{"self":[{"href":"https:\/\/cndestetik.ch\/fr\/wp-json\/wp\/v2\/product\/70531","targetHints":{"allow":["GET"]}}],"collection":[{"href":"https:\/\/cndestetik.ch\/fr\/wp-json\/wp\/v2\/product"}],"about":[{"href":"https:\/\/cndestetik.ch\/fr\/wp-json\/wp\/v2\/types\/product"}],"wp:featuredmedia":[{"embeddable":true,"href":"https:\/\/cndestetik.ch\/fr\/wp-json\/wp\/v2\/media\/70430"}],"wp:attachment":[{"href":"https:\/\/cndestetik.ch\/fr\/wp-json\/wp\/v2\/media?parent=70531"}],"wp:term":[{"taxonomy":"product_brand","embeddable":true,"href":"https:\/\/cndestetik.ch\/fr\/wp-json\/wp\/v2\/product_brand?post=70531"},{"taxonomy":"product_cat","embeddable":true,"href":"https:\/\/cndestetik.ch\/fr\/wp-json\/wp\/v2\/product_cat?post=70531"},{"taxonomy":"product_tag","embeddable":true,"href":"https:\/\/cndestetik.ch\/fr\/wp-json\/wp\/v2\/product_tag?post=70531"}],"curies":[{"name":"wp","href":"https:\/\/api.w.org\/{rel}","templated":true}]}}