{"id":70515,"date":"2025-02-10T11:09:24","date_gmt":"2025-02-10T10:09:24","guid":{"rendered":"https:\/\/cndestetik.ch\/prodotto\/creme-restructurante-night-revival\/"},"modified":"2025-02-10T11:09:24","modified_gmt":"2025-02-10T10:09:24","slug":"creme-restructurante-night-revival","status":"publish","type":"product","link":"https:\/\/cndestetik.ch\/fr\/prodotto\/creme-restructurante-night-revival\/","title":{"rendered":"Cr\u00e8me restructurante NIGHT REVIVAL"},"content":{"rendered":"<p>La beaut\u00e9 esth\u00e9tique et l&#8217;int\u00e9grit\u00e9 fonctionnelle de la peau trouvent un alli\u00e9 de poids dans la nuit. Pendant la nuit, en effet, un travail m\u00e9tabolique intense est activ\u00e9 dans le but de reconstruire l&#8217;architecture de la peau et d&#8217;\u00e9liminer les \u00e9l\u00e9ments structurels endommag\u00e9s et qui ne sont plus fonctionnels.<br \/>\nLes peaux chroniquement ou photovieillies ne sont pas toujours en mesure de trouver la force d&#8217;ex\u00e9cuter de mani\u00e8re correcte et opportune les m\u00e9canismes biochimiques complexes charg\u00e9s d&#8217;activer ou les processus anaboliques et cataboliques qui d\u00e9terminent les conditions esth\u00e9tiques et fonctionnelles de la peau. Dans ces cas, une aide topique cibl\u00e9e est n\u00e9cessaire, capable d&#8217;optimiser le processus de r\u00e9g\u00e9n\u00e9ration et de renouvellement nocturne de toutes les structures cutan\u00e9es. Un r\u00f4le d\u00e9l\u00e9gu\u00e9 \u00e0 la cr\u00e8me exclusive Genesis Night Revival.   <\/p>\n<p>Taille : 50ml.<\/p>\n<p>&nbsp;<\/p>\n","protected":false},"excerpt":{"rendered":"<p>Optimise le processus de r\u00e9g\u00e9n\u00e9ration et de renouvellement nocturne de toutes les structures cutan\u00e9es.<\/p>\n","protected":false},"featured_media":70410,"template":"","meta":{"_acf_changed":false},"product_brand":[],"product_cat":[12994,12989],"product_tag":[793,460,13669,13317],"class_list":{"0":"post-70515","1":"product","2":"type-product","3":"status-publish","4":"has-post-thumbnail","6":"product_cat-spa-beaute","7":"product_cat-visage","8":"product_tag-nuit","9":"product_tag-regenerant","10":"product_tag-renouveau","11":"product_tag-renouvelant","13":"first","14":"instock","15":"taxable","16":"shipping-taxable","17":"purchasable","18":"product-type-simple"},"acf":[],"jetpack_sharing_enabled":true,"_links":{"self":[{"href":"https:\/\/cndestetik.ch\/fr\/wp-json\/wp\/v2\/product\/70515","targetHints":{"allow":["GET"]}}],"collection":[{"href":"https:\/\/cndestetik.ch\/fr\/wp-json\/wp\/v2\/product"}],"about":[{"href":"https:\/\/cndestetik.ch\/fr\/wp-json\/wp\/v2\/types\/product"}],"wp:featuredmedia":[{"embeddable":true,"href":"https:\/\/cndestetik.ch\/fr\/wp-json\/wp\/v2\/media\/70410"}],"wp:attachment":[{"href":"https:\/\/cndestetik.ch\/fr\/wp-json\/wp\/v2\/media?parent=70515"}],"wp:term":[{"taxonomy":"product_brand","embeddable":true,"href":"https:\/\/cndestetik.ch\/fr\/wp-json\/wp\/v2\/product_brand?post=70515"},{"taxonomy":"product_cat","embeddable":true,"href":"https:\/\/cndestetik.ch\/fr\/wp-json\/wp\/v2\/product_cat?post=70515"},{"taxonomy":"product_tag","embeddable":true,"href":"https:\/\/cndestetik.ch\/fr\/wp-json\/wp\/v2\/product_tag?post=70515"}],"curies":[{"name":"wp","href":"https:\/\/api.w.org\/{rel}","templated":true}]}}