{"id":66288,"date":"2024-10-24T10:51:43","date_gmt":"2024-10-24T08:51:43","guid":{"rendered":"https:\/\/cndestetik.ch\/prodotto\/thuya-on-off-gel-set\/"},"modified":"2024-12-01T00:00:22","modified_gmt":"2024-11-30T23:00:22","slug":"thuya-on-off-gel-set","status":"publish","type":"product","link":"https:\/\/cndestetik.ch\/fr\/prodotto\/thuya-on-off-gel-set\/","title":{"rendered":"Thuya On Off Gel Set"},"content":{"rendered":"<p>Achetez plus d&#8217;un coffret de 6 gels on-off \u00e0 un prix r\u00e9duit en<em>sp\u00e9cifiant dans les notes d&#8217;achat les collections souhait\u00e9es<\/em>.<\/p>\n","protected":false},"excerpt":{"rendered":"<p>Achetez plus d&#8217;une bo\u00eete de 6 gels \u00e0 prix r\u00e9duit.<\/p>\n","protected":false},"featured_media":66283,"template":"","meta":{"_acf_changed":false},"product_brand":[],"product_cat":[1501,12749],"product_tag":[8493,1275,6651,3502,12721],"class_list":{"0":"post-66288","1":"product","2":"type-product","3":"status-publish","4":"has-post-thumbnail","6":"product_cat-nails-manucure-et-pedicure","7":"product_cat-thuya-fr","8":"product_tag-collection-fr","9":"product_tag-gel-fr","10":"product_tag-off-fr","11":"product_tag-sur","12":"product_tag-thuya-fr","13":"pa_pezzi-4-pieces-fr","14":"pa_pezzi-7-pieces","16":"first","17":"instock","18":"taxable","19":"shipping-taxable","20":"purchasable","21":"product-type-variable"},"acf":[],"jetpack_sharing_enabled":true,"_links":{"self":[{"href":"https:\/\/cndestetik.ch\/fr\/wp-json\/wp\/v2\/product\/66288","targetHints":{"allow":["GET"]}}],"collection":[{"href":"https:\/\/cndestetik.ch\/fr\/wp-json\/wp\/v2\/product"}],"about":[{"href":"https:\/\/cndestetik.ch\/fr\/wp-json\/wp\/v2\/types\/product"}],"wp:featuredmedia":[{"embeddable":true,"href":"https:\/\/cndestetik.ch\/fr\/wp-json\/wp\/v2\/media\/66283"}],"wp:attachment":[{"href":"https:\/\/cndestetik.ch\/fr\/wp-json\/wp\/v2\/media?parent=66288"}],"wp:term":[{"taxonomy":"product_brand","embeddable":true,"href":"https:\/\/cndestetik.ch\/fr\/wp-json\/wp\/v2\/product_brand?post=66288"},{"taxonomy":"product_cat","embeddable":true,"href":"https:\/\/cndestetik.ch\/fr\/wp-json\/wp\/v2\/product_cat?post=66288"},{"taxonomy":"product_tag","embeddable":true,"href":"https:\/\/cndestetik.ch\/fr\/wp-json\/wp\/v2\/product_tag?post=66288"}],"curies":[{"name":"wp","href":"https:\/\/api.w.org\/{rel}","templated":true}]}}