{"id":66206,"date":"2024-10-24T08:41:36","date_gmt":"2024-10-24T06:41:36","guid":{"rendered":"https:\/\/cndestetik.ch\/prodotto\/coffret-des-essentiels\/"},"modified":"2024-10-25T08:39:50","modified_gmt":"2024-10-25T06:39:50","slug":"coffret-des-essentiels","status":"publish","type":"product","link":"https:\/\/cndestetik.ch\/fr\/prodotto\/coffret-des-essentiels\/","title":{"rendered":"Coffret des essentiels"},"content":{"rendered":"<p>Bo\u00eete contenant les produits essentiels pour le gel Thuya 1 Artificial Nail Prep 1 Acid-free Primer 1 Gel On Off Base 1 Gel On Off Top Shine<\/p>\n","protected":false},"excerpt":{"rendered":"<p>Bo\u00eete contenant les \u00e9l\u00e9ments essentiels du gel Thuya<\/p>\n","protected":false},"featured_media":66202,"template":"","meta":{"_acf_changed":false},"product_brand":[],"product_cat":[1501,12749],"product_tag":[1275,6651,3502],"class_list":{"0":"post-66206","1":"product","2":"type-product","3":"status-publish","4":"has-post-thumbnail","6":"product_cat-nails-manucure-et-pedicure","7":"product_cat-thuya-fr","8":"product_tag-gel-fr","9":"product_tag-off-fr","10":"product_tag-sur","12":"first","13":"instock","14":"taxable","15":"shipping-taxable","16":"purchasable","17":"product-type-simple"},"acf":[],"jetpack_sharing_enabled":true,"_links":{"self":[{"href":"https:\/\/cndestetik.ch\/fr\/wp-json\/wp\/v2\/product\/66206","targetHints":{"allow":["GET"]}}],"collection":[{"href":"https:\/\/cndestetik.ch\/fr\/wp-json\/wp\/v2\/product"}],"about":[{"href":"https:\/\/cndestetik.ch\/fr\/wp-json\/wp\/v2\/types\/product"}],"wp:featuredmedia":[{"embeddable":true,"href":"https:\/\/cndestetik.ch\/fr\/wp-json\/wp\/v2\/media\/66202"}],"wp:attachment":[{"href":"https:\/\/cndestetik.ch\/fr\/wp-json\/wp\/v2\/media?parent=66206"}],"wp:term":[{"taxonomy":"product_brand","embeddable":true,"href":"https:\/\/cndestetik.ch\/fr\/wp-json\/wp\/v2\/product_brand?post=66206"},{"taxonomy":"product_cat","embeddable":true,"href":"https:\/\/cndestetik.ch\/fr\/wp-json\/wp\/v2\/product_cat?post=66206"},{"taxonomy":"product_tag","embeddable":true,"href":"https:\/\/cndestetik.ch\/fr\/wp-json\/wp\/v2\/product_tag?post=66206"}],"curies":[{"name":"wp","href":"https:\/\/api.w.org\/{rel}","templated":true}]}}