{"id":65906,"date":"2024-10-21T09:03:25","date_gmt":"2024-10-21T07:03:25","guid":{"rendered":"https:\/\/cndestetik.ch\/prodotto\/gel-booster\/"},"modified":"2025-02-12T08:51:13","modified_gmt":"2025-02-12T07:51:13","slug":"gel-booster","status":"publish","type":"product","link":"https:\/\/cndestetik.ch\/fr\/prodotto\/gel-booster\/","title":{"rendered":"Gel booster"},"content":{"rendered":"<p>Booster gel est le nouveau traitement de choc de Thuya \u00e0 usage domestique, sp\u00e9cialement con\u00e7u pour augmenter la longueur, la densit\u00e9 et l&#8217;\u00e9paisseur des cils et des sourcils. Les premiers r\u00e9sultats sont visibles d\u00e8s 15 jours, avec une augmentation moyenne de la longueur et du volume de 30% ! Le secret de l&#8217;extraordinaire efficacit\u00e9 de Booster Gel r\u00e9side dans la synergie hautement concentr\u00e9e de ses ingr\u00e9dients actifs, tels que le Curcuma Longa, le Panth\u00e9nol et les Peptides, responsables de la stimulation des g\u00e8nes de la k\u00e9ratine. Booster Gel est transparent et doit \u00eatre appliqu\u00e9 tous les soirs et de pr\u00e9f\u00e9rence le matin. Vous le trouverez dans la bo\u00eete pratique avec le d\u00e9maquillant au curcuma et le miroir.   <\/p>\n","protected":false},"excerpt":{"rendered":"<p>Booster gel est le nouveau traitement de choc de Thuya \u00e0 usage domestique, sp\u00e9cialement con\u00e7u pour augmenter la longueur, la densit\u00e9 et l&#8217;\u00e9paisseur des cils et des sourcils.<\/p>\n","protected":false},"featured_media":65898,"template":"","meta":{"_acf_changed":false},"product_brand":[],"product_cat":[2125,12749],"product_tag":[12724,2238,727,1275,2127,12721],"class_list":{"0":"post-65906","1":"product","2":"type-product","3":"status-publish","4":"has-post-thumbnail","6":"product_cat-lash-brow-fr","7":"product_cat-thuya-fr","8":"product_tag-amplificateur","9":"product_tag-cils-fr-2","10":"product_tag-cils","11":"product_tag-gel-fr","12":"product_tag-sourcils","13":"product_tag-thuya-fr","14":"pa_pezzi-1-piece-fr","15":"pa_pezzi-5-pieces-fr","17":"first","18":"instock","19":"sale","20":"taxable","21":"shipping-taxable","22":"purchasable","23":"product-type-variable"},"acf":[],"jetpack_sharing_enabled":true,"_links":{"self":[{"href":"https:\/\/cndestetik.ch\/fr\/wp-json\/wp\/v2\/product\/65906","targetHints":{"allow":["GET"]}}],"collection":[{"href":"https:\/\/cndestetik.ch\/fr\/wp-json\/wp\/v2\/product"}],"about":[{"href":"https:\/\/cndestetik.ch\/fr\/wp-json\/wp\/v2\/types\/product"}],"wp:featuredmedia":[{"embeddable":true,"href":"https:\/\/cndestetik.ch\/fr\/wp-json\/wp\/v2\/media\/65898"}],"wp:attachment":[{"href":"https:\/\/cndestetik.ch\/fr\/wp-json\/wp\/v2\/media?parent=65906"}],"wp:term":[{"taxonomy":"product_brand","embeddable":true,"href":"https:\/\/cndestetik.ch\/fr\/wp-json\/wp\/v2\/product_brand?post=65906"},{"taxonomy":"product_cat","embeddable":true,"href":"https:\/\/cndestetik.ch\/fr\/wp-json\/wp\/v2\/product_cat?post=65906"},{"taxonomy":"product_tag","embeddable":true,"href":"https:\/\/cndestetik.ch\/fr\/wp-json\/wp\/v2\/product_tag?post=65906"}],"curies":[{"name":"wp","href":"https:\/\/api.w.org\/{rel}","templated":true}]}}