{"id":65884,"date":"2024-10-21T08:55:25","date_gmt":"2024-10-21T06:55:25","guid":{"rendered":"https:\/\/cndestetik.ch\/prodotto\/soins-des-cils\/"},"modified":"2025-02-12T08:51:08","modified_gmt":"2025-02-12T07:51:08","slug":"soins-des-cils","status":"publish","type":"product","link":"https:\/\/cndestetik.ch\/fr\/prodotto\/soins-des-cils\/","title":{"rendered":"Soins des cils"},"content":{"rendered":"<p>Lash Care est un s\u00e9rum fortifiant transparent formul\u00e9 pour stimuler la croissance et le volume des cils ou des sourcils, en favorisant leur sant\u00e9 et en am\u00e9liorant leur apparence. La combinaison de ses principes actifs, dont la mol\u00e9cule Biotinyl-GHK (vitamine H) et le Panth\u00e9nol (vitamine B5), agit sur le follicule pileux en stimulant sa croissance en longueur et en diam\u00e8tre. Son utilisation quotidienne garantit une augmentation globale du volume jusqu&#8217;\u00e0 30 % de plus que les cheveux naturels, visible d\u00e8s les premi\u00e8res semaines d&#8217;application. En outre, sa formulation unique en fait un traitement id\u00e9al tout au long de l&#8217;ann\u00e9e, car il contribue \u00e9galement \u00e0 renforcer les cheveux et \u00e0 lutter contre leur chute. Dans le coffret, il est associ\u00e9 au d\u00e9maquillant de 50 ml.   <\/p>\n","protected":false},"excerpt":{"rendered":"<p>Lash Care est un s\u00e9rum fortifiant transparent formul\u00e9 pour stimuler la croissance et le volume des cils ou des sourcils, en favorisant leur sant\u00e9 et en am\u00e9liorant leur apparence.<\/p>\n","protected":false},"featured_media":65880,"template":"","meta":{"_acf_changed":false},"product_brand":[],"product_cat":[2125,12749],"product_tag":[7459,2238,727,2127,12721],"class_list":{"0":"post-65884","1":"product","2":"type-product","3":"status-publish","4":"has-post-thumbnail","6":"product_cat-lash-brow-fr","7":"product_cat-thuya-fr","8":"product_tag-cher","9":"product_tag-cils-fr-2","10":"product_tag-cils","11":"product_tag-sourcils","12":"product_tag-thuya-fr","13":"pa_pezzi-1-piece-fr","14":"pa_pezzi-5-pieces-fr","16":"first","17":"instock","18":"sale","19":"taxable","20":"shipping-taxable","21":"purchasable","22":"product-type-variable"},"acf":[],"jetpack_sharing_enabled":true,"_links":{"self":[{"href":"https:\/\/cndestetik.ch\/fr\/wp-json\/wp\/v2\/product\/65884","targetHints":{"allow":["GET"]}}],"collection":[{"href":"https:\/\/cndestetik.ch\/fr\/wp-json\/wp\/v2\/product"}],"about":[{"href":"https:\/\/cndestetik.ch\/fr\/wp-json\/wp\/v2\/types\/product"}],"wp:featuredmedia":[{"embeddable":true,"href":"https:\/\/cndestetik.ch\/fr\/wp-json\/wp\/v2\/media\/65880"}],"wp:attachment":[{"href":"https:\/\/cndestetik.ch\/fr\/wp-json\/wp\/v2\/media?parent=65884"}],"wp:term":[{"taxonomy":"product_brand","embeddable":true,"href":"https:\/\/cndestetik.ch\/fr\/wp-json\/wp\/v2\/product_brand?post=65884"},{"taxonomy":"product_cat","embeddable":true,"href":"https:\/\/cndestetik.ch\/fr\/wp-json\/wp\/v2\/product_cat?post=65884"},{"taxonomy":"product_tag","embeddable":true,"href":"https:\/\/cndestetik.ch\/fr\/wp-json\/wp\/v2\/product_tag?post=65884"}],"curies":[{"name":"wp","href":"https:\/\/api.w.org\/{rel}","templated":true}]}}