{"id":65793,"date":"2024-10-17T11:39:29","date_gmt":"2024-10-17T09:39:29","guid":{"rendered":"https:\/\/cndestetik.ch\/prodotto\/tisane-christmas-light\/"},"modified":"2024-10-17T11:45:46","modified_gmt":"2024-10-17T09:45:46","slug":"tisane-christmas-light","status":"publish","type":"product","link":"https:\/\/cndestetik.ch\/fr\/prodotto\/tisane-christmas-light\/","title":{"rendered":"Tisane Christmas Light"},"content":{"rendered":"<p>Allumez les lumi\u00e8res de No\u00ebl avec cette infusion sp\u00e9ciale. Chaude, aromatique, enveloppante. Cette infusion Pomme, Amande et Cannelle a le vrai go\u00fbt de No\u00ebl, comme si boire cette infusion allumait les lumi\u00e8res de No\u00ebl dans nos c\u0153urs aussi. Nouveaut\u00e9 pour nos infusions de No\u00ebl, elle est disponible dans notre \u00e9co-pyramide classique.<\/p>\n<p>Chaude, aromatique, enveloppante. Cette infusion Pomme Amande Cannelle a le vrai go\u00fbt de No\u00ebl, comme si boire cette infusion allumait aussi les lumi\u00e8res de No\u00ebl dans nos c\u0153urs. Nouveaut\u00e9 pour nos infusions de No\u00ebl, elle est disponible dans notre \u00e9co-pyramide classique.  <\/p>\n<p>Infusion 7-10 minutes \u00e0 90\/100\u00b0 Ingr\u00e9dients : Rooibos, morceaux de pommes, morceaux d&#8217;amandes, b\u00e2tons de cannelle, carthame.<\/p>\n","protected":false},"excerpt":{"rendered":"<p>Chaude, aromatique, enveloppante. Cette infusion Pomme Amande Cannelle a le vrai go\u00fbt de No\u00ebl, comme si boire cette infusion allumait aussi les lumi\u00e8res de No\u00ebl dans nos c\u0153urs. Nouveaut\u00e9 pour nos infusions de No\u00ebl, elle est disponible dans notre \u00e9co-pyramide classique.  <\/p>\n","protected":false},"featured_media":65787,"template":"","meta":{"_acf_changed":false},"product_brand":[],"product_cat":[11579,1994],"product_tag":[7206,7731,2012],"class_list":{"0":"post-65793","1":"product","2":"type-product","3":"status-publish","4":"has-post-thumbnail","6":"product_cat-noel-fr","7":"product_cat-tisanes-bien-etre","8":"product_tag-lumiere-fr","9":"product_tag-noel-fr","10":"product_tag-tisane-fr","11":"pa_pezzi-12-pieces","12":"pa_pezzi-24-pieces-fr","13":"pa_pezzi-6-pieces","15":"first","16":"instock","17":"taxable","18":"shipping-taxable","19":"purchasable","20":"product-type-variable"},"acf":[],"jetpack_sharing_enabled":true,"_links":{"self":[{"href":"https:\/\/cndestetik.ch\/fr\/wp-json\/wp\/v2\/product\/65793","targetHints":{"allow":["GET"]}}],"collection":[{"href":"https:\/\/cndestetik.ch\/fr\/wp-json\/wp\/v2\/product"}],"about":[{"href":"https:\/\/cndestetik.ch\/fr\/wp-json\/wp\/v2\/types\/product"}],"wp:featuredmedia":[{"embeddable":true,"href":"https:\/\/cndestetik.ch\/fr\/wp-json\/wp\/v2\/media\/65787"}],"wp:attachment":[{"href":"https:\/\/cndestetik.ch\/fr\/wp-json\/wp\/v2\/media?parent=65793"}],"wp:term":[{"taxonomy":"product_brand","embeddable":true,"href":"https:\/\/cndestetik.ch\/fr\/wp-json\/wp\/v2\/product_brand?post=65793"},{"taxonomy":"product_cat","embeddable":true,"href":"https:\/\/cndestetik.ch\/fr\/wp-json\/wp\/v2\/product_cat?post=65793"},{"taxonomy":"product_tag","embeddable":true,"href":"https:\/\/cndestetik.ch\/fr\/wp-json\/wp\/v2\/product_tag?post=65793"}],"curies":[{"name":"wp","href":"https:\/\/api.w.org\/{rel}","templated":true}]}}