{"id":65649,"date":"2024-09-30T13:06:51","date_gmt":"2024-09-30T11:06:51","guid":{"rendered":"https:\/\/cndestetik.ch\/prodotto\/infusion-de-noel\/"},"modified":"2024-10-23T15:48:37","modified_gmt":"2024-10-23T13:48:37","slug":"infusion-de-noel","status":"publish","type":"product","link":"https:\/\/cndestetik.ch\/fr\/prodotto\/infusion-de-noel\/","title":{"rendered":"Infusion de No\u00ebl"},"content":{"rendered":"<p>Offrez \u00e0 vos clients la chaleur de No\u00ebl.<br \/>\nUne tisane qui convient \u00e0 toute la famille. <\/p>\n","protected":false},"excerpt":{"rendered":"<p>Offrez \u00e0 vos clients la chaleur de No\u00ebl.<br \/>\nUne tisane qui convient \u00e0 toute la famille. <\/p>\n","protected":false},"featured_media":66195,"template":"","meta":{"_acf_changed":false},"product_brand":[],"product_cat":[11579,1994],"product_tag":[2068,7732,12701,2012],"class_list":{"0":"post-65649","1":"product","2":"type-product","3":"status-publish","4":"has-post-thumbnail","6":"product_cat-noel-fr","7":"product_cat-tisanes-bien-etre","8":"product_tag-infusion","9":"product_tag-noel-fr-2","10":"product_tag-noel-fr-5","11":"product_tag-tisane-fr","12":"pa_pezzi-100-pieces-fr","13":"pa_pezzi-150-pieces","14":"pa_pezzi-50-pieces","16":"first","17":"instock","18":"taxable","19":"shipping-taxable","20":"purchasable","21":"product-type-variable"},"acf":[],"jetpack_sharing_enabled":true,"_links":{"self":[{"href":"https:\/\/cndestetik.ch\/fr\/wp-json\/wp\/v2\/product\/65649","targetHints":{"allow":["GET"]}}],"collection":[{"href":"https:\/\/cndestetik.ch\/fr\/wp-json\/wp\/v2\/product"}],"about":[{"href":"https:\/\/cndestetik.ch\/fr\/wp-json\/wp\/v2\/types\/product"}],"wp:featuredmedia":[{"embeddable":true,"href":"https:\/\/cndestetik.ch\/fr\/wp-json\/wp\/v2\/media\/66195"}],"wp:attachment":[{"href":"https:\/\/cndestetik.ch\/fr\/wp-json\/wp\/v2\/media?parent=65649"}],"wp:term":[{"taxonomy":"product_brand","embeddable":true,"href":"https:\/\/cndestetik.ch\/fr\/wp-json\/wp\/v2\/product_brand?post=65649"},{"taxonomy":"product_cat","embeddable":true,"href":"https:\/\/cndestetik.ch\/fr\/wp-json\/wp\/v2\/product_cat?post=65649"},{"taxonomy":"product_tag","embeddable":true,"href":"https:\/\/cndestetik.ch\/fr\/wp-json\/wp\/v2\/product_tag?post=65649"}],"curies":[{"name":"wp","href":"https:\/\/api.w.org\/{rel}","templated":true}]}}