{"id":65546,"date":"2024-09-24T13:48:20","date_gmt":"2024-09-24T11:48:20","guid":{"rendered":"https:\/\/cndestetik.ch\/prodotto\/creme-revitalisante-a-la-vitamine-c\/"},"modified":"2025-01-23T09:18:26","modified_gmt":"2025-01-23T08:18:26","slug":"creme-revitalisante-a-la-vitamine-c","status":"publish","type":"product","link":"https:\/\/cndestetik.ch\/fr\/prodotto\/creme-revitalisante-a-la-vitamine-c\/","title":{"rendered":"Cr\u00e8me revitalisante \u00e0 la vitamine C"},"content":{"rendered":"<p>Une \u00e9mulsion riche mais facilement absorb\u00e9e avec de la vitamine C, de l&#8217;acide hyaluronique, du beurre de karit\u00e9 et de la camomille.<\/p>\n<p>Id\u00e9ale pour tous les types de peau car elle a une action revitalisante et illuminatrice qui unifie le visage, lutte contre les taches et la perte de tonus. Appliquez sur le visage et le d\u00e9collet\u00e9 apr\u00e8s l&#8217;huile en effectuant un court massage. <\/p>\n<p>Taille : 50ml<\/p>\n","protected":false},"excerpt":{"rendered":"<p>Une \u00e9mulsion riche mais facilement absorb\u00e9e avec de la vitamine C, de l&#8217;acide hyaluronique, du beurre de karit\u00e9 et de la camomille.<\/p>\n","protected":false},"featured_media":65582,"template":"","meta":{"_acf_changed":false},"product_brand":[],"product_cat":[1494,12982],"product_tag":[4140,12645,618,3834,1890,433,3748,9093],"class_list":{"0":"post-65546","1":"product","2":"type-product","3":"status-publish","4":"has-post-thumbnail","6":"product_cat-cosmetiques","7":"product_cat-microcosme","8":"product_tag-beurre","9":"product_tag-c-fr","10":"product_tag-camomille","11":"product_tag-creme","12":"product_tag-emulsion-fr","13":"product_tag-karite-fr","14":"product_tag-revitalisant","15":"product_tag-vitamine-fr","17":"first","18":"instock","19":"taxable","20":"shipping-taxable","21":"purchasable","22":"product-type-simple"},"acf":[],"jetpack_sharing_enabled":true,"_links":{"self":[{"href":"https:\/\/cndestetik.ch\/fr\/wp-json\/wp\/v2\/product\/65546","targetHints":{"allow":["GET"]}}],"collection":[{"href":"https:\/\/cndestetik.ch\/fr\/wp-json\/wp\/v2\/product"}],"about":[{"href":"https:\/\/cndestetik.ch\/fr\/wp-json\/wp\/v2\/types\/product"}],"wp:featuredmedia":[{"embeddable":true,"href":"https:\/\/cndestetik.ch\/fr\/wp-json\/wp\/v2\/media\/65582"}],"wp:attachment":[{"href":"https:\/\/cndestetik.ch\/fr\/wp-json\/wp\/v2\/media?parent=65546"}],"wp:term":[{"taxonomy":"product_brand","embeddable":true,"href":"https:\/\/cndestetik.ch\/fr\/wp-json\/wp\/v2\/product_brand?post=65546"},{"taxonomy":"product_cat","embeddable":true,"href":"https:\/\/cndestetik.ch\/fr\/wp-json\/wp\/v2\/product_cat?post=65546"},{"taxonomy":"product_tag","embeddable":true,"href":"https:\/\/cndestetik.ch\/fr\/wp-json\/wp\/v2\/product_tag?post=65546"}],"curies":[{"name":"wp","href":"https:\/\/api.w.org\/{rel}","templated":true}]}}