{"id":65540,"date":"2024-09-24T13:44:49","date_gmt":"2024-09-24T11:44:49","guid":{"rendered":"https:\/\/cndestetik.ch\/prodotto\/oleolithe-revitalisante-a-la-vitamine-c\/"},"modified":"2025-01-23T09:18:20","modified_gmt":"2025-01-23T08:18:20","slug":"oleolithe-revitalisante-a-la-vitamine-c","status":"publish","type":"product","link":"https:\/\/cndestetik.ch\/fr\/prodotto\/oleolithe-revitalisante-a-la-vitamine-c\/","title":{"rendered":"Ol\u00e9olithe revitalisante \u00e0 la vitamine C"},"content":{"rendered":"<p>Synergie dans l&#8217;huile d&#8217;Argan d&#8217;extraits spagyriques et d&#8217;huiles essentielles antioxydantes, hydratantes, \u00e9claircissantes et r\u00e9g\u00e9n\u00e9rantes.<\/p>\n<p>Appliquer 2 pompes sur le visage et le d\u00e9collet\u00e9 apr\u00e8s le s\u00e9rum et masser pour faciliter l&#8217;absorption. Peut \u00eatre utilis\u00e9 comme dernier produit du soin du soir. <\/p>\n","protected":false},"excerpt":{"rendered":"<p>Synergie dans l&#8217;huile d&#8217;Argan d&#8217;extraits spagyriques et d&#8217;huiles essentielles antioxydantes, hydratantes, \u00e9claircissantes et r\u00e9g\u00e9n\u00e9rantes.<\/p>\n","protected":false},"featured_media":65578,"template":"","meta":{"_acf_changed":false},"product_brand":[],"product_cat":[1494,12982],"product_tag":[8962,3685,12657,562,12645,593,12658,9088,12656,2111,3748,436,9720,9093],"class_list":{"0":"post-65540","1":"product","2":"type-product","3":"status-publish","4":"has-post-thumbnail","6":"product_cat-cosmetiques","7":"product_cat-microcosme","8":"product_tag-agent-de-blanchiment","9":"product_tag-antioxydant","10":"product_tag-antioxydants","11":"product_tag-argan-fr","12":"product_tag-c-fr","13":"product_tag-creme-hydratante","14":"product_tag-cremes-hydratantes","15":"product_tag-extrait","16":"product_tag-extraits","17":"product_tag-oleolite-fr","18":"product_tag-revitalisant","19":"product_tag-spagyria","20":"product_tag-spagyrique-fr","21":"product_tag-vitamine-fr","23":"first","24":"instock","25":"taxable","26":"shipping-taxable","27":"purchasable","28":"product-type-simple"},"acf":[],"jetpack_sharing_enabled":true,"_links":{"self":[{"href":"https:\/\/cndestetik.ch\/fr\/wp-json\/wp\/v2\/product\/65540","targetHints":{"allow":["GET"]}}],"collection":[{"href":"https:\/\/cndestetik.ch\/fr\/wp-json\/wp\/v2\/product"}],"about":[{"href":"https:\/\/cndestetik.ch\/fr\/wp-json\/wp\/v2\/types\/product"}],"wp:featuredmedia":[{"embeddable":true,"href":"https:\/\/cndestetik.ch\/fr\/wp-json\/wp\/v2\/media\/65578"}],"wp:attachment":[{"href":"https:\/\/cndestetik.ch\/fr\/wp-json\/wp\/v2\/media?parent=65540"}],"wp:term":[{"taxonomy":"product_brand","embeddable":true,"href":"https:\/\/cndestetik.ch\/fr\/wp-json\/wp\/v2\/product_brand?post=65540"},{"taxonomy":"product_cat","embeddable":true,"href":"https:\/\/cndestetik.ch\/fr\/wp-json\/wp\/v2\/product_cat?post=65540"},{"taxonomy":"product_tag","embeddable":true,"href":"https:\/\/cndestetik.ch\/fr\/wp-json\/wp\/v2\/product_tag?post=65540"}],"curies":[{"name":"wp","href":"https:\/\/api.w.org\/{rel}","templated":true}]}}