{"id":65533,"date":"2024-09-24T13:40:42","date_gmt":"2024-09-24T11:40:42","guid":{"rendered":"https:\/\/cndestetik.ch\/prodotto\/serum-revitalisant-a-la-vitamine-c\/"},"modified":"2025-01-23T09:18:23","modified_gmt":"2025-01-23T08:18:23","slug":"serum-revitalisant-a-la-vitamine-c","status":"publish","type":"product","link":"https:\/\/cndestetik.ch\/fr\/prodotto\/serum-revitalisant-a-la-vitamine-c\/","title":{"rendered":"S\u00e9rum revitalisant \u00e0 la vitamine C"},"content":{"rendered":"<p>Gel fluide tr\u00e8s concentr\u00e9 en vitamine C, acide hyaluronique, vigne rouge et camomille.<\/p>\n<p>Il exerce une activit\u00e9 repulpante, antioxydante, hydratante et stimulante du syst\u00e8me immunitaire de la peau. Appliquez quelques gouttes directement sur le visage et le cou et laissez absorber en massant l\u00e9g\u00e8rement et en tapotant. <\/p>\n","protected":false},"excerpt":{"rendered":"<p>Gel fluide tr\u00e8s concentr\u00e9 en vitamine C, acide hyaluronique, vigne rouge et camomille.<\/p>\n","protected":false},"featured_media":65570,"template":"","meta":{"_acf_changed":false},"product_brand":[],"product_cat":[1494,12982],"product_tag":[8951,2166,12645,618,3748,7517,7568,12648,9093],"class_list":{"0":"post-65533","1":"product","2":"type-product","3":"status-publish","4":"has-post-thumbnail","6":"product_cat-cosmetiques","7":"product_cat-microcosme","8":"product_tag-acide","9":"product_tag-acide-hyaluronique-fr","10":"product_tag-c-fr","11":"product_tag-camomille","12":"product_tag-revitalisant","13":"product_tag-rouge-fr-4","14":"product_tag-serum-fr-2","15":"product_tag-vis","16":"product_tag-vitamine-fr","18":"first","19":"instock","20":"taxable","21":"shipping-taxable","22":"purchasable","23":"product-type-simple"},"acf":[],"jetpack_sharing_enabled":true,"_links":{"self":[{"href":"https:\/\/cndestetik.ch\/fr\/wp-json\/wp\/v2\/product\/65533","targetHints":{"allow":["GET"]}}],"collection":[{"href":"https:\/\/cndestetik.ch\/fr\/wp-json\/wp\/v2\/product"}],"about":[{"href":"https:\/\/cndestetik.ch\/fr\/wp-json\/wp\/v2\/types\/product"}],"wp:featuredmedia":[{"embeddable":true,"href":"https:\/\/cndestetik.ch\/fr\/wp-json\/wp\/v2\/media\/65570"}],"wp:attachment":[{"href":"https:\/\/cndestetik.ch\/fr\/wp-json\/wp\/v2\/media?parent=65533"}],"wp:term":[{"taxonomy":"product_brand","embeddable":true,"href":"https:\/\/cndestetik.ch\/fr\/wp-json\/wp\/v2\/product_brand?post=65533"},{"taxonomy":"product_cat","embeddable":true,"href":"https:\/\/cndestetik.ch\/fr\/wp-json\/wp\/v2\/product_cat?post=65533"},{"taxonomy":"product_tag","embeddable":true,"href":"https:\/\/cndestetik.ch\/fr\/wp-json\/wp\/v2\/product_tag?post=65533"}],"curies":[{"name":"wp","href":"https:\/\/api.w.org\/{rel}","templated":true}]}}