{"id":65529,"date":"2024-09-24T13:37:24","date_gmt":"2024-09-24T11:37:24","guid":{"rendered":"https:\/\/cndestetik.ch\/prodotto\/eau-revitalisante-a-la-vitamine-c\/"},"modified":"2025-01-23T09:18:18","modified_gmt":"2025-01-23T08:18:18","slug":"eau-revitalisante-a-la-vitamine-c","status":"publish","type":"product","link":"https:\/\/cndestetik.ch\/fr\/prodotto\/eau-revitalisante-a-la-vitamine-c\/","title":{"rendered":"Eau revitalisante \u00e0 la vitamine C"},"content":{"rendered":"<p>Formule fluide et tonique \u00e0 base d&#8217;eau de rose, de vitamine C, d&#8217;acide hyaluronique, d&#8217;achill\u00e9e et de camomille. Vaporisez matin et soir sur le visage et le d\u00e9collet\u00e9 nettoy\u00e9s pour une action r\u00e9g\u00e9n\u00e9rante, protectrice, rafra\u00eechissante et anti-\u00e2ge. Format : 100ml<\/p>\n","protected":false},"excerpt":{"rendered":"<p>Formule fluide et tonique \u00e0 base d&#8217;eau de rose, de vitamine C, d&#8217;acide hyaluronique, d&#8217;achill\u00e9e et de camomille.<\/p>\n","protected":false},"featured_media":65574,"template":"","meta":{"_acf_changed":false},"product_brand":[],"product_cat":[1494,12982],"product_tag":[8951,2166,12645,4169,3748,9093],"class_list":{"0":"post-65529","1":"product","2":"type-product","3":"status-publish","4":"has-post-thumbnail","6":"product_cat-cosmetiques","7":"product_cat-microcosme","8":"product_tag-acide","9":"product_tag-acide-hyaluronique-fr","10":"product_tag-c-fr","11":"product_tag-eau","12":"product_tag-revitalisant","13":"product_tag-vitamine-fr","15":"first","16":"instock","17":"taxable","18":"shipping-taxable","19":"purchasable","20":"product-type-simple"},"acf":[],"jetpack_sharing_enabled":true,"_links":{"self":[{"href":"https:\/\/cndestetik.ch\/fr\/wp-json\/wp\/v2\/product\/65529","targetHints":{"allow":["GET"]}}],"collection":[{"href":"https:\/\/cndestetik.ch\/fr\/wp-json\/wp\/v2\/product"}],"about":[{"href":"https:\/\/cndestetik.ch\/fr\/wp-json\/wp\/v2\/types\/product"}],"wp:featuredmedia":[{"embeddable":true,"href":"https:\/\/cndestetik.ch\/fr\/wp-json\/wp\/v2\/media\/65574"}],"wp:attachment":[{"href":"https:\/\/cndestetik.ch\/fr\/wp-json\/wp\/v2\/media?parent=65529"}],"wp:term":[{"taxonomy":"product_brand","embeddable":true,"href":"https:\/\/cndestetik.ch\/fr\/wp-json\/wp\/v2\/product_brand?post=65529"},{"taxonomy":"product_cat","embeddable":true,"href":"https:\/\/cndestetik.ch\/fr\/wp-json\/wp\/v2\/product_cat?post=65529"},{"taxonomy":"product_tag","embeddable":true,"href":"https:\/\/cndestetik.ch\/fr\/wp-json\/wp\/v2\/product_tag?post=65529"}],"curies":[{"name":"wp","href":"https:\/\/api.w.org\/{rel}","templated":true}]}}