{"id":65510,"date":"2024-08-07T10:04:46","date_gmt":"2024-08-07T08:04:46","guid":{"rendered":"https:\/\/cndestetik.ch\/prodotto\/body-dren-tone\/"},"modified":"2024-11-04T23:00:04","modified_gmt":"2024-11-04T22:00:04","slug":"body-dren-tone","status":"publish","type":"product","link":"https:\/\/cndestetik.ch\/fr\/prodotto\/body-dren-tone\/","title":{"rendered":"Body Dren Tone"},"content":{"rendered":"<p>NO O-LRNIS MODULES Technologie de massage vibratoire POUR DRAINER ET TONIFIER. BODY Dren-Tone est adapt\u00e9 au traitement de :<\/p>\n<ul>\n<li>Esth\u00e9tique caus\u00e9e par la cellulite<\/li>\n<li>R\u00e9tention d&#8217;eau<\/li>\n<li>Surcharge pond\u00e9rale<\/li>\n<li>Tonification des tissus<\/li>\n<\/ul>\n<p>Avantages :<\/p>\n<ul>\n<li>Stimule la prolif\u00e9ration cellulaire<\/li>\n<li>\u00c9limine les imperfections de la peau<\/li>\n<li>Stimule la circulation locale<\/li>\n<li>Raffermit et r\u00e9g\u00e9n\u00e8re rapidement la peau<\/li>\n<li>Am\u00e9liore l&#8217;oxyg\u00e9nation et la nutrition des cellules<\/li>\n<li>\u00c9limine les toxines<\/li>\n<li>Donne plus d&#8217;\u00e9clat \u00e0 la peau<\/li>\n<li>Am\u00e9liore le drainage lymphatique<\/li>\n<li>Procure une sensation de bien-\u00eatre et de d\u00e9tente<\/li>\n<li>Il mobilise et diminue les graisses stock\u00e9es<\/li>\n<li>Fa\u00e7onner le corps<\/li>\n<\/ul>\n<p>Un instrument de massage corporel vibratoire \u00e9quip\u00e9 de 5 t\u00eates pour diff\u00e9rents traitements et d&#8217;une pi\u00e8ce \u00e0 main Vacuum. La vibroth\u00e9rapie est une technique avanc\u00e9e de traitement actif de la peau et des muscles. Elle fonctionne avec un appareil qui g\u00e9n\u00e8re une pression par l&#8217;interm\u00e9diaire d&#8217;une t\u00eate rotative et vibrante. Les vibrations m\u00e9caniques sont utilis\u00e9es \u00e0 des fins th\u00e9rapeutiques sur diff\u00e9rentes parties du corps. L&#8217;appareil, avec ses t\u00eates adaptables, g\u00e9n\u00e8re des vibrations \u00e0 basse fr\u00e9quence qui, \u00e0 leur tour, produisent une onde m\u00e9canique. Cette onde se propage plus ou moins profond\u00e9ment dans les couches de la peau en fonction de la fr\u00e9quence utilis\u00e9e. Plus la fr\u00e9quence est basse, plus elle agit en profondeur dans la peau. La pi\u00e8ce \u00e0 main Vacuum fait remonter la microcirculation \u00e0 la surface, en irriguant le tissu trait\u00e9 et en obtenant un effet d\u00e9contractant, avec un \u00e9change m\u00e9tabolique entre les toxines et l&#8217;oxyg\u00e8ne.      <\/p>\n","protected":false},"excerpt":{"rendered":"<p>Un instrument de massage corporel vibratoire \u00e9quip\u00e9 de 5 t\u00eates pour diff\u00e9rents traitements et d&#8217;une pi\u00e8ce \u00e0 main Vacuum.<\/p>\n","protected":false},"featured_media":65507,"template":"","meta":{"_acf_changed":false},"product_brand":[],"product_cat":[15],"product_tag":[11095,4013,2021,12638,7356,3974,12639,3640],"class_list":{"0":"post-65510","1":"product","2":"type-product","3":"status-publish","4":"has-post-thumbnail","6":"product_cat-07-cosmetica","7":"product_tag-corps-fr","8":"product_tag-drainage-fr","9":"product_tag-drainant","10":"product_tag-enfants-fr-2","11":"product_tag-massage","12":"product_tag-sous-vide","13":"product_tag-tonalite","14":"product_tag-tonifier","16":"first","17":"instock","18":"taxable","19":"shipping-taxable","20":"purchasable","21":"product-type-simple"},"acf":[],"jetpack_sharing_enabled":true,"_links":{"self":[{"href":"https:\/\/cndestetik.ch\/fr\/wp-json\/wp\/v2\/product\/65510","targetHints":{"allow":["GET"]}}],"collection":[{"href":"https:\/\/cndestetik.ch\/fr\/wp-json\/wp\/v2\/product"}],"about":[{"href":"https:\/\/cndestetik.ch\/fr\/wp-json\/wp\/v2\/types\/product"}],"wp:featuredmedia":[{"embeddable":true,"href":"https:\/\/cndestetik.ch\/fr\/wp-json\/wp\/v2\/media\/65507"}],"wp:attachment":[{"href":"https:\/\/cndestetik.ch\/fr\/wp-json\/wp\/v2\/media?parent=65510"}],"wp:term":[{"taxonomy":"product_brand","embeddable":true,"href":"https:\/\/cndestetik.ch\/fr\/wp-json\/wp\/v2\/product_brand?post=65510"},{"taxonomy":"product_cat","embeddable":true,"href":"https:\/\/cndestetik.ch\/fr\/wp-json\/wp\/v2\/product_cat?post=65510"},{"taxonomy":"product_tag","embeddable":true,"href":"https:\/\/cndestetik.ch\/fr\/wp-json\/wp\/v2\/product_tag?post=65510"}],"curies":[{"name":"wp","href":"https:\/\/api.w.org\/{rel}","templated":true}]}}