{"id":65442,"date":"2024-07-01T14:13:58","date_gmt":"2024-07-01T12:13:58","guid":{"rendered":"https:\/\/cndestetik.ch\/prodotto\/paquet-de-tisanes-dete\/"},"modified":"2024-08-07T08:50:51","modified_gmt":"2024-08-07T06:50:51","slug":"paquet-de-tisanes-dete","status":"publish","type":"product","link":"https:\/\/cndestetik.ch\/fr\/prodotto\/paquet-de-tisanes-dete\/","title":{"rendered":"Paquet de tisanes d&#8217;\u00e9t\u00e9"},"content":{"rendered":"<p>12 sachets de Tropicana Herbal Tea + 12 sachets de Restart Herbal Tea \u00e0 prix r\u00e9duit<\/p>\n","protected":false},"excerpt":{"rendered":"<p>12 sachets de Tropicana Herbal Tea + 12 sachets de Restart Herbal Tea \u00e0 prix r\u00e9duit<\/p>\n","protected":false},"featured_media":64729,"template":"","meta":{"_acf_changed":false},"product_brand":[],"product_cat":[1994],"product_tag":[12392,2012,12388],"class_list":{"0":"post-65442","1":"product","2":"type-product","3":"status-publish","4":"has-post-thumbnail","6":"product_cat-tisanes-bien-etre","7":"product_tag-redemarrer","8":"product_tag-tisane-fr","9":"product_tag-tropicana-fr","11":"first","12":"instock","13":"taxable","14":"shipping-taxable","15":"purchasable","16":"product-type-simple"},"acf":[],"jetpack_sharing_enabled":true,"_links":{"self":[{"href":"https:\/\/cndestetik.ch\/fr\/wp-json\/wp\/v2\/product\/65442","targetHints":{"allow":["GET"]}}],"collection":[{"href":"https:\/\/cndestetik.ch\/fr\/wp-json\/wp\/v2\/product"}],"about":[{"href":"https:\/\/cndestetik.ch\/fr\/wp-json\/wp\/v2\/types\/product"}],"wp:featuredmedia":[{"embeddable":true,"href":"https:\/\/cndestetik.ch\/fr\/wp-json\/wp\/v2\/media\/64729"}],"wp:attachment":[{"href":"https:\/\/cndestetik.ch\/fr\/wp-json\/wp\/v2\/media?parent=65442"}],"wp:term":[{"taxonomy":"product_brand","embeddable":true,"href":"https:\/\/cndestetik.ch\/fr\/wp-json\/wp\/v2\/product_brand?post=65442"},{"taxonomy":"product_cat","embeddable":true,"href":"https:\/\/cndestetik.ch\/fr\/wp-json\/wp\/v2\/product_cat?post=65442"},{"taxonomy":"product_tag","embeddable":true,"href":"https:\/\/cndestetik.ch\/fr\/wp-json\/wp\/v2\/product_tag?post=65442"}],"curies":[{"name":"wp","href":"https:\/\/api.w.org\/{rel}","templated":true}]}}