{"id":65407,"date":"2024-07-01T13:58:56","date_gmt":"2024-07-01T11:58:56","guid":{"rendered":"https:\/\/cndestetik.ch\/prodotto\/forfait-gel-defatigue-rafraichissant\/"},"modified":"2024-08-02T00:00:03","modified_gmt":"2024-08-01T22:00:03","slug":"forfait-gel-defatigue-rafraichissant","status":"publish","type":"product","link":"https:\/\/cndestetik.ch\/fr\/prodotto\/forfait-gel-defatigue-rafraichissant\/","title":{"rendered":"Forfait gel d\u00e9fatigue rafra\u00eechissant"},"content":{"rendered":"<p>Achetez 1 gel rafra\u00eechissant Defaticante 500ml + 5 de 100ml \u00e0 un prix r\u00e9duit.<\/p>\n","protected":false},"excerpt":{"rendered":"<p>Achetez 1 gel rafra\u00eechissant Defaticante 500ml + 5 de 100ml \u00e0 un prix r\u00e9duit.<\/p>\n","protected":false},"featured_media":37479,"template":"","meta":{"_acf_changed":false},"product_brand":[],"product_cat":[15],"product_tag":[],"class_list":{"0":"post-65407","1":"product","2":"type-product","3":"status-publish","4":"has-post-thumbnail","6":"product_cat-07-cosmetica","8":"first","9":"instock","10":"taxable","11":"shipping-taxable","12":"purchasable","13":"product-type-simple"},"acf":[],"jetpack_sharing_enabled":true,"_links":{"self":[{"href":"https:\/\/cndestetik.ch\/fr\/wp-json\/wp\/v2\/product\/65407","targetHints":{"allow":["GET"]}}],"collection":[{"href":"https:\/\/cndestetik.ch\/fr\/wp-json\/wp\/v2\/product"}],"about":[{"href":"https:\/\/cndestetik.ch\/fr\/wp-json\/wp\/v2\/types\/product"}],"wp:featuredmedia":[{"embeddable":true,"href":"https:\/\/cndestetik.ch\/fr\/wp-json\/wp\/v2\/media\/37479"}],"wp:attachment":[{"href":"https:\/\/cndestetik.ch\/fr\/wp-json\/wp\/v2\/media?parent=65407"}],"wp:term":[{"taxonomy":"product_brand","embeddable":true,"href":"https:\/\/cndestetik.ch\/fr\/wp-json\/wp\/v2\/product_brand?post=65407"},{"taxonomy":"product_cat","embeddable":true,"href":"https:\/\/cndestetik.ch\/fr\/wp-json\/wp\/v2\/product_cat?post=65407"},{"taxonomy":"product_tag","embeddable":true,"href":"https:\/\/cndestetik.ch\/fr\/wp-json\/wp\/v2\/product_tag?post=65407"}],"curies":[{"name":"wp","href":"https:\/\/api.w.org\/{rel}","templated":true}]}}