{"id":65388,"date":"2024-07-01T13:10:31","date_gmt":"2024-07-01T11:10:31","guid":{"rendered":"https:\/\/cndestetik.ch\/prodotto\/strucante\/"},"modified":"2025-02-12T08:48:46","modified_gmt":"2025-02-12T07:48:46","slug":"strucante","status":"publish","type":"product","link":"https:\/\/cndestetik.ch\/fr\/prodotto\/strucante\/","title":{"rendered":"Strucante"},"content":{"rendered":"<p>D\u00e9maquillant aqueux : d\u00e9maquillant \u00e0 base d&#8217;eau qui \u00e9limine facilement le maquillage, m\u00eame r\u00e9sistant \u00e0 l&#8217;eau. Il est utilis\u00e9 avant chaque traitement des cils ou des sourcils pour les nettoyer en profondeur.<\/p>\n<p>&nbsp;<\/p>\n<p>D\u00e9maquillant aqueux au curcuma : un d\u00e9maquillant \u00e0 base d&#8217;eau qui, gr\u00e2ce \u00e0 ses principes actifs tels que le curcuma, aux propri\u00e9t\u00e9s anti-inflammatoires et antioxydantes, est parfait pour le soin et la protection du contour de l&#8217;\u0153il.<\/p>\n<p>&nbsp;<\/p>\n<p>Bipoint : \u00e9limine facilement le maquillage le plus tenace. Contient une phase lipidique qui doit \u00eatre \u00e9limin\u00e9e \u00e0 l&#8217;aide d&#8217;un d\u00e9maquillant \u00e0 base d&#8217;eau si elle est utilis\u00e9e avant le traitement des cils ou des sourcils.<\/p>\n","protected":false},"excerpt":{"rendered":"<p>Dissolvants pour le maquillage<\/p>\n","protected":false},"featured_media":65374,"template":"","meta":{"_acf_changed":false},"product_brand":[],"product_cat":[2125,12749],"product_tag":[12621,12622,12624,12620,4769,12623],"class_list":{"0":"post-65388","1":"product","2":"type-product","3":"status-publish","4":"has-post-thumbnail","6":"product_cat-lash-brow-fr","7":"product_cat-thuya-fr","8":"product_tag-aqueux","9":"product_tag-bi-fr","10":"product_tag-bifurcation","11":"product_tag-curcuma-fr","12":"product_tag-demaquillant","13":"product_tag-faisceau","14":"pa_struccante-aqueux","15":"pa_struccante-curcuma-fr","16":"pa_struccante-faisceau-mixte","18":"first","19":"instock","20":"taxable","21":"shipping-taxable","22":"purchasable","23":"product-type-variable"},"acf":[],"jetpack_sharing_enabled":true,"_links":{"self":[{"href":"https:\/\/cndestetik.ch\/fr\/wp-json\/wp\/v2\/product\/65388","targetHints":{"allow":["GET"]}}],"collection":[{"href":"https:\/\/cndestetik.ch\/fr\/wp-json\/wp\/v2\/product"}],"about":[{"href":"https:\/\/cndestetik.ch\/fr\/wp-json\/wp\/v2\/types\/product"}],"wp:featuredmedia":[{"embeddable":true,"href":"https:\/\/cndestetik.ch\/fr\/wp-json\/wp\/v2\/media\/65374"}],"wp:attachment":[{"href":"https:\/\/cndestetik.ch\/fr\/wp-json\/wp\/v2\/media?parent=65388"}],"wp:term":[{"taxonomy":"product_brand","embeddable":true,"href":"https:\/\/cndestetik.ch\/fr\/wp-json\/wp\/v2\/product_brand?post=65388"},{"taxonomy":"product_cat","embeddable":true,"href":"https:\/\/cndestetik.ch\/fr\/wp-json\/wp\/v2\/product_cat?post=65388"},{"taxonomy":"product_tag","embeddable":true,"href":"https:\/\/cndestetik.ch\/fr\/wp-json\/wp\/v2\/product_tag?post=65388"}],"curies":[{"name":"wp","href":"https:\/\/api.w.org\/{rel}","templated":true}]}}