{"id":65338,"date":"2024-07-01T10:57:08","date_gmt":"2024-07-01T08:57:08","guid":{"rendered":"https:\/\/cndestetik.ch\/prodotto\/generateur-doxygene\/"},"modified":"2024-07-01T10:57:08","modified_gmt":"2024-07-01T08:57:08","slug":"generateur-doxygene","status":"publish","type":"product","link":"https:\/\/cndestetik.ch\/fr\/prodotto\/generateur-doxygene\/","title":{"rendered":"G\u00e9n\u00e9rateur d&#8217;oxyg\u00e8ne"},"content":{"rendered":"<p>Capacit\u00e9 0 &#8211; 10 l<\/p>\n<p>La microvascularisation ralentit avec l&#8217;\u00e2ge et ne peut fournir une oxyg\u00e9nation ad\u00e9quate, ce qui ralentit le m\u00e9tabolisme et r\u00e9duit l&#8217;\u00e9lasticit\u00e9 du collag\u00e8ne et des fibres. La peau devient s\u00e8che, des rides et des taches apparaissent.<\/p>\n<p>Cette technologie tr\u00e8s innovante utilise l&#8217;apport d&#8217;oxyg\u00e8ne pour traiter le vieillissement de la peau. Il s&#8217;agit d&#8217;un traitement polyvalent qui est utilis\u00e9 dans de nombreux domaines d&#8217;application.<\/p>\n","protected":false},"excerpt":{"rendered":"<p>Cette technologie tr\u00e8s innovante utilise l&#8217;apport d&#8217;oxyg\u00e8ne pour traiter le vieillissement de la peau.<\/p>\n","protected":false},"featured_media":65334,"template":"","meta":{"_acf_changed":false},"product_brand":[],"product_cat":[15],"product_tag":[12146,12147,10309],"class_list":{"0":"post-65338","1":"product","2":"type-product","3":"status-publish","4":"has-post-thumbnail","6":"product_cat-07-cosmetica","7":"product_tag-generateur","8":"product_tag-oxygene","9":"product_tag-par-fr","11":"first","12":"instock","13":"taxable","14":"shipping-taxable","15":"purchasable","16":"product-type-simple"},"acf":[],"jetpack_sharing_enabled":true,"_links":{"self":[{"href":"https:\/\/cndestetik.ch\/fr\/wp-json\/wp\/v2\/product\/65338","targetHints":{"allow":["GET"]}}],"collection":[{"href":"https:\/\/cndestetik.ch\/fr\/wp-json\/wp\/v2\/product"}],"about":[{"href":"https:\/\/cndestetik.ch\/fr\/wp-json\/wp\/v2\/types\/product"}],"wp:featuredmedia":[{"embeddable":true,"href":"https:\/\/cndestetik.ch\/fr\/wp-json\/wp\/v2\/media\/65334"}],"wp:attachment":[{"href":"https:\/\/cndestetik.ch\/fr\/wp-json\/wp\/v2\/media?parent=65338"}],"wp:term":[{"taxonomy":"product_brand","embeddable":true,"href":"https:\/\/cndestetik.ch\/fr\/wp-json\/wp\/v2\/product_brand?post=65338"},{"taxonomy":"product_cat","embeddable":true,"href":"https:\/\/cndestetik.ch\/fr\/wp-json\/wp\/v2\/product_cat?post=65338"},{"taxonomy":"product_tag","embeddable":true,"href":"https:\/\/cndestetik.ch\/fr\/wp-json\/wp\/v2\/product_tag?post=65338"}],"curies":[{"name":"wp","href":"https:\/\/api.w.org\/{rel}","templated":true}]}}