{"id":64750,"date":"2024-05-21T10:00:06","date_gmt":"2024-05-21T08:00:06","guid":{"rendered":"https:\/\/cndestetik.ch\/prodotto\/tisane-de-redemarrage\/"},"modified":"2024-05-21T10:00:06","modified_gmt":"2024-05-21T08:00:06","slug":"tisane-de-redemarrage","status":"publish","type":"product","link":"https:\/\/cndestetik.ch\/fr\/prodotto\/tisane-de-redemarrage\/","title":{"rendered":"Tisane de red\u00e9marrage"},"content":{"rendered":"<p>Avec sa saveur douce et fruit\u00e9e, c&#8217;est un v\u00e9ritable voyage sous les tropiques. D\u00e9pourvue de th\u00e9ine, elle a de multiples fonctions : d\u00e9congestionnante, anti-inflammatoire, purifiante, remin\u00e9ralisante, antivirale&#8230; une v\u00e9ritable touche de sant\u00e9 pour l&#8217;organisme.<\/p>\n<p>Ingr\u00e9dients : Rooibos, citronnelle, morceaux de gingembre, fleurs de bleuet, groseille.<\/p>\n","protected":false},"excerpt":{"rendered":"<p>Avec sa saveur douce et fruit\u00e9e, c&#8217;est un v\u00e9ritable voyage sous les tropiques. D\u00e9pourvue de th\u00e9ine, elle a de multiples fonctions : d\u00e9congestionnante, anti-inflammatoire, purifiante, remin\u00e9ralisante, antivirale&#8230; une v\u00e9ritable touche de sant\u00e9 pour l&#8217;organisme.<\/p>\n","protected":false},"featured_media":64733,"template":"","meta":{"_acf_changed":false},"product_brand":[],"product_cat":[1994],"product_tag":[12392,2012],"class_list":{"0":"post-64750","1":"product","2":"type-product","3":"status-publish","4":"has-post-thumbnail","6":"product_cat-tisanes-bien-etre","7":"product_tag-redemarrer","8":"product_tag-tisane-fr","9":"pa_pacchetto-12-paquets","10":"pa_pacchetto-24-paquets","12":"first","13":"instock","14":"taxable","15":"shipping-taxable","16":"purchasable","17":"product-type-variable"},"acf":[],"jetpack_sharing_enabled":true,"_links":{"self":[{"href":"https:\/\/cndestetik.ch\/fr\/wp-json\/wp\/v2\/product\/64750","targetHints":{"allow":["GET"]}}],"collection":[{"href":"https:\/\/cndestetik.ch\/fr\/wp-json\/wp\/v2\/product"}],"about":[{"href":"https:\/\/cndestetik.ch\/fr\/wp-json\/wp\/v2\/types\/product"}],"wp:featuredmedia":[{"embeddable":true,"href":"https:\/\/cndestetik.ch\/fr\/wp-json\/wp\/v2\/media\/64733"}],"wp:attachment":[{"href":"https:\/\/cndestetik.ch\/fr\/wp-json\/wp\/v2\/media?parent=64750"}],"wp:term":[{"taxonomy":"product_brand","embeddable":true,"href":"https:\/\/cndestetik.ch\/fr\/wp-json\/wp\/v2\/product_brand?post=64750"},{"taxonomy":"product_cat","embeddable":true,"href":"https:\/\/cndestetik.ch\/fr\/wp-json\/wp\/v2\/product_cat?post=64750"},{"taxonomy":"product_tag","embeddable":true,"href":"https:\/\/cndestetik.ch\/fr\/wp-json\/wp\/v2\/product_tag?post=64750"}],"curies":[{"name":"wp","href":"https:\/\/api.w.org\/{rel}","templated":true}]}}