{"id":64632,"date":"2024-03-27T11:49:02","date_gmt":"2024-03-27T10:49:02","guid":{"rendered":"https:\/\/cndestetik.ch\/prodotto\/divan-aventis\/"},"modified":"2024-03-29T08:25:58","modified_gmt":"2024-03-29T07:25:58","slug":"divan-aventis","status":"publish","type":"product","link":"https:\/\/cndestetik.ch\/fr\/prodotto\/divan-aventis\/","title":{"rendered":"Divan Aventis"},"content":{"rendered":"<p>Lit en bois de bouleau au design sobre et \u00e9l\u00e9gant. Equip\u00e9 d&#8217;un dossier r\u00e9glable m\u00e9caniquement.<br \/>\nLe matelas est dot\u00e9 d&#8217;un trou facial et le porte-rouleau est fourni en standard.<\/p>\n<p><strong>En option :<\/strong><\/p>\n<ul>\n<li>Couleur blanc 150 CHF<\/li>\n<li>Couleur weng\u00e9 150 CHF<\/li>\n<\/ul>\n<p>Chaque option est sujette \u00e0 des changements de prix en cas de r\u00e9duction. Sp\u00e9cifiez les options souhait\u00e9es dans les notes d&#8217;achat.<\/p>\n","protected":false},"excerpt":{"rendered":"<p>Lit en bois de bouleau au design sobre et \u00e9l\u00e9gant. Equip\u00e9 d&#8217;un dossier r\u00e9glable m\u00e9caniquement.<\/p>\n","protected":false},"featured_media":64613,"template":"","meta":{"_acf_changed":false},"product_brand":[],"product_cat":[11767],"product_tag":[12368,1154,12379,12377,1028,12381],"class_list":{"0":"post-64632","1":"product","2":"type-product","3":"status-publish","4":"has-post-thumbnail","6":"product_cat-ameublement","7":"product_tag-aventis-fr","8":"product_tag-chaise-longue","9":"product_tag-estheticienne","10":"product_tag-lit","11":"product_tag-traitement","12":"product_tag-un-meuble","14":"first","15":"instock","16":"taxable","17":"shipping-taxable","18":"purchasable","19":"product-type-simple"},"acf":[],"jetpack_sharing_enabled":true,"_links":{"self":[{"href":"https:\/\/cndestetik.ch\/fr\/wp-json\/wp\/v2\/product\/64632","targetHints":{"allow":["GET"]}}],"collection":[{"href":"https:\/\/cndestetik.ch\/fr\/wp-json\/wp\/v2\/product"}],"about":[{"href":"https:\/\/cndestetik.ch\/fr\/wp-json\/wp\/v2\/types\/product"}],"wp:featuredmedia":[{"embeddable":true,"href":"https:\/\/cndestetik.ch\/fr\/wp-json\/wp\/v2\/media\/64613"}],"wp:attachment":[{"href":"https:\/\/cndestetik.ch\/fr\/wp-json\/wp\/v2\/media?parent=64632"}],"wp:term":[{"taxonomy":"product_brand","embeddable":true,"href":"https:\/\/cndestetik.ch\/fr\/wp-json\/wp\/v2\/product_brand?post=64632"},{"taxonomy":"product_cat","embeddable":true,"href":"https:\/\/cndestetik.ch\/fr\/wp-json\/wp\/v2\/product_cat?post=64632"},{"taxonomy":"product_tag","embeddable":true,"href":"https:\/\/cndestetik.ch\/fr\/wp-json\/wp\/v2\/product_tag?post=64632"}],"curies":[{"name":"wp","href":"https:\/\/api.w.org\/{rel}","templated":true}]}}