{"id":64606,"date":"2024-03-27T11:40:54","date_gmt":"2024-03-27T10:40:54","guid":{"rendered":"https:\/\/cndestetik.ch\/prodotto\/banc-solaire-estetimed\/"},"modified":"2024-03-29T08:25:59","modified_gmt":"2024-03-29T07:25:59","slug":"banc-solaire-estetimed","status":"publish","type":"product","link":"https:\/\/cndestetik.ch\/fr\/prodotto\/banc-solaire-estetimed\/","title":{"rendered":"Banc solaire Estetimed"},"content":{"rendered":"<p>Table de massage \u00e0 4 sections avec porte-rouleau. Le m\u00e9canisme avec actionneur \u00e9lectrique \u00e0 basse tension est actionn\u00e9 par une t\u00e9l\u00e9commande, ce qui permet de r\u00e9gler tous les mouvements de mani\u00e8re pr\u00e9cise, facile et progressive. Le dossier est dot\u00e9 d&#8217;un trou facial et d&#8217;un cache-trou.<\/p>\n<p>La structure porteuse est en acier tubulaire peint. La base est \u00e9quip\u00e9e de roulettes qui permettent de la d\u00e9placer dans la pi\u00e8ce. Le matelas, tr\u00e8s confortable, est en caoutchouc double densit\u00e9, recouvert d&#8217;un \u00e9co-cuir ignifug\u00e9 de classe M1.<\/p>\n<p><strong>En option :<\/strong><\/p>\n<ul>\n<li>Dimensions du matelas personnalis\u00e9es (sur demande)<\/li>\n<\/ul>\n<p>Chaque option est sujette \u00e0 des changements de prix en cas de r\u00e9duction. Sp\u00e9cifiez les options souhait\u00e9es dans les notes d&#8217;achat.<\/p>\n","protected":false},"excerpt":{"rendered":"<p>Table de massage \u00e0 4 sections avec porte-rouleau. La structure porteuse est en acier tubulaire peint.<\/p>\n","protected":false},"featured_media":64591,"template":"","meta":{"_acf_changed":false},"product_brand":[],"product_cat":[11767],"product_tag":[1154,12364,12379,12377,1028,12381],"class_list":{"0":"post-64606","1":"product","2":"type-product","3":"status-publish","4":"has-post-thumbnail","6":"product_cat-ameublement","7":"product_tag-chaise-longue","8":"product_tag-estetimed-fr","9":"product_tag-estheticienne","10":"product_tag-lit","11":"product_tag-traitement","12":"product_tag-un-meuble","14":"first","15":"instock","16":"taxable","17":"shipping-taxable","18":"purchasable","19":"product-type-simple"},"acf":[],"jetpack_sharing_enabled":true,"_links":{"self":[{"href":"https:\/\/cndestetik.ch\/fr\/wp-json\/wp\/v2\/product\/64606","targetHints":{"allow":["GET"]}}],"collection":[{"href":"https:\/\/cndestetik.ch\/fr\/wp-json\/wp\/v2\/product"}],"about":[{"href":"https:\/\/cndestetik.ch\/fr\/wp-json\/wp\/v2\/types\/product"}],"wp:featuredmedia":[{"embeddable":true,"href":"https:\/\/cndestetik.ch\/fr\/wp-json\/wp\/v2\/media\/64591"}],"wp:attachment":[{"href":"https:\/\/cndestetik.ch\/fr\/wp-json\/wp\/v2\/media?parent=64606"}],"wp:term":[{"taxonomy":"product_brand","embeddable":true,"href":"https:\/\/cndestetik.ch\/fr\/wp-json\/wp\/v2\/product_brand?post=64606"},{"taxonomy":"product_cat","embeddable":true,"href":"https:\/\/cndestetik.ch\/fr\/wp-json\/wp\/v2\/product_cat?post=64606"},{"taxonomy":"product_tag","embeddable":true,"href":"https:\/\/cndestetik.ch\/fr\/wp-json\/wp\/v2\/product_tag?post=64606"}],"curies":[{"name":"wp","href":"https:\/\/api.w.org\/{rel}","templated":true}]}}