{"id":64468,"date":"2024-03-27T09:22:35","date_gmt":"2024-03-27T08:22:35","guid":{"rendered":"https:\/\/cndestetik.ch\/prodotto\/fauteuil-pedisilver\/"},"modified":"2024-05-21T09:56:30","modified_gmt":"2024-05-21T07:56:30","slug":"fauteuil-pedisilver","status":"publish","type":"product","link":"https:\/\/cndestetik.ch\/fr\/prodotto\/fauteuil-pedisilver\/","title":{"rendered":"Fauteuil Pedisilver"},"content":{"rendered":"<p>Il se caract\u00e9rise par des lignes modernes et sobres qui conviennent \u00e0 tous les types d&#8217;environnement. Le si\u00e8ge peut pivoter \u00e0 180\u00b0 pour faciliter l&#8217;entr\u00e9e et la sortie des clients ; un m\u00e9canisme optionnel de glissement du si\u00e8ge peut \u00eatre appliqu\u00e9 vers l&#8217;avant ou vers l&#8217;arri\u00e8re.<\/p>\n<p>La baignoire en PVC est \u00e9quip\u00e9e d&#8217;un mitigeur avec douchette et d&#8217;un repose-jambes r\u00e9glable en hauteur. Le repose-jambes est \u00e9quip\u00e9 d&#8217;une articulation qui lui permet d&#8217;\u00eatre d\u00e9plac\u00e9 dans et hors de la port\u00e9e de l&#8217;op\u00e9rateur.<br \/>\n\u00c9quip\u00e9 d&#8217;un syst\u00e8me d&#8217;hydromassage et de chromoth\u00e9rapie.<\/p>\n<p>Le syst\u00e8me de chromoth\u00e9rapie et de gestion des bains bouillonnants, en plus d&#8217;\u00eatre contr\u00f4l\u00e9 par un panneau de bord, peut \u00e9galement \u00eatre contr\u00f4l\u00e9 par une t\u00e9l\u00e9commande sans fil.<\/p>\n<p>\u00c9quip\u00e9 d&#8217;une roue qui facilite la vidange du r\u00e9servoir.<\/p>\n","protected":false},"excerpt":{"rendered":"<p>Il se caract\u00e9rise par des lignes modernes qui conviennent \u00e0 tout type d&#8217;environnement. Le si\u00e8ge peut pivoter \u00e0 180\u00b0 pour faciliter l&#8217;entr\u00e9e et la sortie des clients.<\/p>\n","protected":false},"featured_media":64461,"template":"","meta":{"_acf_changed":false},"product_brand":[],"product_cat":[11767],"product_tag":[5069,12043,12249,12346],"class_list":{"0":"post-64468","1":"product","2":"type-product","3":"status-publish","4":"has-post-thumbnail","6":"product_cat-ameublement","7":"product_tag-argent-fr","8":"product_tag-fauteuil","9":"product_tag-paedi","10":"product_tag-pedisilver-fr","11":"pa_optional-poltrone-fauteuil-standard","12":"pa_optional-poltrone-siege-coulissant","14":"first","15":"instock","16":"taxable","17":"shipping-taxable","18":"purchasable","19":"product-type-variable"},"acf":[],"jetpack_sharing_enabled":true,"_links":{"self":[{"href":"https:\/\/cndestetik.ch\/fr\/wp-json\/wp\/v2\/product\/64468","targetHints":{"allow":["GET"]}}],"collection":[{"href":"https:\/\/cndestetik.ch\/fr\/wp-json\/wp\/v2\/product"}],"about":[{"href":"https:\/\/cndestetik.ch\/fr\/wp-json\/wp\/v2\/types\/product"}],"wp:featuredmedia":[{"embeddable":true,"href":"https:\/\/cndestetik.ch\/fr\/wp-json\/wp\/v2\/media\/64461"}],"wp:attachment":[{"href":"https:\/\/cndestetik.ch\/fr\/wp-json\/wp\/v2\/media?parent=64468"}],"wp:term":[{"taxonomy":"product_brand","embeddable":true,"href":"https:\/\/cndestetik.ch\/fr\/wp-json\/wp\/v2\/product_brand?post=64468"},{"taxonomy":"product_cat","embeddable":true,"href":"https:\/\/cndestetik.ch\/fr\/wp-json\/wp\/v2\/product_cat?post=64468"},{"taxonomy":"product_tag","embeddable":true,"href":"https:\/\/cndestetik.ch\/fr\/wp-json\/wp\/v2\/product_tag?post=64468"}],"curies":[{"name":"wp","href":"https:\/\/api.w.org\/{rel}","templated":true}]}}