{"id":64344,"date":"2024-03-04T11:08:19","date_gmt":"2024-03-04T10:08:19","guid":{"rendered":"https:\/\/cndestetik.ch\/prodotto\/rape-en-acier-colore\/"},"modified":"2024-05-21T09:56:33","modified_gmt":"2024-05-21T07:56:33","slug":"rape-en-acier-colore","status":"publish","type":"product","link":"https:\/\/cndestetik.ch\/fr\/prodotto\/rape-en-acier-colore\/","title":{"rendered":"R\u00e2pe en acier color\u00e9"},"content":{"rendered":"<p>R\u00e2pe en acier \u00e0 deux faces disponible en diff\u00e9rentes couleurs et \u00e9galement en version autoclavable.<\/p>\n","protected":false},"excerpt":{"rendered":"<p>R\u00e2pe en acier \u00e0 deux faces disponible en diff\u00e9rentes couleurs et \u00e9galement en version autoclavable.<\/p>\n","protected":false},"featured_media":46700,"template":"","meta":{"_acf_changed":false},"product_brand":[],"product_cat":[1296],"product_tag":[12302,12303,1370,1371,9296],"class_list":{"0":"post-64344","1":"product","2":"type-product","3":"status-publish","4":"has-post-thumbnail","6":"product_cat-equipement","7":"product_tag-colore-fr","8":"product_tag-colore-fr-2","9":"product_tag-laser-fr","10":"product_tag-raper","11":"product_tag-rapes","12":"pa_pezzi-1-piece-fr","13":"pa_pezzi-5-pieces-fr","15":"first","16":"instock","17":"taxable","18":"shipping-taxable","19":"purchasable","20":"product-type-variable"},"acf":[],"jetpack_sharing_enabled":true,"_links":{"self":[{"href":"https:\/\/cndestetik.ch\/fr\/wp-json\/wp\/v2\/product\/64344","targetHints":{"allow":["GET"]}}],"collection":[{"href":"https:\/\/cndestetik.ch\/fr\/wp-json\/wp\/v2\/product"}],"about":[{"href":"https:\/\/cndestetik.ch\/fr\/wp-json\/wp\/v2\/types\/product"}],"wp:featuredmedia":[{"embeddable":true,"href":"https:\/\/cndestetik.ch\/fr\/wp-json\/wp\/v2\/media\/46700"}],"wp:attachment":[{"href":"https:\/\/cndestetik.ch\/fr\/wp-json\/wp\/v2\/media?parent=64344"}],"wp:term":[{"taxonomy":"product_brand","embeddable":true,"href":"https:\/\/cndestetik.ch\/fr\/wp-json\/wp\/v2\/product_brand?post=64344"},{"taxonomy":"product_cat","embeddable":true,"href":"https:\/\/cndestetik.ch\/fr\/wp-json\/wp\/v2\/product_cat?post=64344"},{"taxonomy":"product_tag","embeddable":true,"href":"https:\/\/cndestetik.ch\/fr\/wp-json\/wp\/v2\/product_tag?post=64344"}],"curies":[{"name":"wp","href":"https:\/\/api.w.org\/{rel}","templated":true}]}}