{"id":64243,"date":"2024-02-07T13:19:10","date_gmt":"2024-02-07T12:19:10","guid":{"rendered":"https:\/\/cndestetik.ch\/prodotto\/nettoyant-visage-a-loleolite\/"},"modified":"2025-01-23T09:24:23","modified_gmt":"2025-01-23T08:24:23","slug":"nettoyant-visage-a-loleolite","status":"publish","type":"product","link":"https:\/\/cndestetik.ch\/fr\/prodotto\/nettoyant-visage-a-loleolite\/","title":{"rendered":"Nettoyant visage \u00e0 l&#8217;ol\u00e9olite"},"content":{"rendered":"<p>Id\u00e9al pour les taches et les dyschromies, un m\u00e9lange d&#8217;ol\u00e9olites spagyriques et d&#8217;huiles essentielles pour harmoniser et \u00e9claircir. Appliquer directement sur les zones concern\u00e9es ou utiliser en combinaison avec des masques, des cr\u00e8mes ou d&#8217;autres huiles. Personnalisez vos traitements avec ce petit compos\u00e9 naturel tr\u00e8s utile.<\/p>\n","protected":false},"excerpt":{"rendered":"<p>Id\u00e9al pour les taches et les dyschromies, un m\u00e9lange d&#8217;ol\u00e9olites spagyriques et d&#8217;huiles essentielles pour harmoniser et \u00e9claircir.<\/p>\n","protected":false},"featured_media":64272,"template":"","meta":{"_acf_changed":false},"product_brand":[],"product_cat":[1494,12982],"product_tag":[8962,2184,2111,765],"class_list":{"0":"post-64243","1":"product","2":"type-product","3":"status-publish","4":"has-post-thumbnail","6":"product_cat-cosmetiques","7":"product_cat-microcosme","8":"product_tag-agent-de-blanchiment","9":"product_tag-huile-fr","10":"product_tag-oleolite-fr","11":"product_tag-visage","13":"first","14":"instock","15":"taxable","16":"shipping-taxable","17":"purchasable","18":"product-type-simple"},"acf":[],"jetpack_sharing_enabled":true,"_links":{"self":[{"href":"https:\/\/cndestetik.ch\/fr\/wp-json\/wp\/v2\/product\/64243","targetHints":{"allow":["GET"]}}],"collection":[{"href":"https:\/\/cndestetik.ch\/fr\/wp-json\/wp\/v2\/product"}],"about":[{"href":"https:\/\/cndestetik.ch\/fr\/wp-json\/wp\/v2\/types\/product"}],"wp:featuredmedia":[{"embeddable":true,"href":"https:\/\/cndestetik.ch\/fr\/wp-json\/wp\/v2\/media\/64272"}],"wp:attachment":[{"href":"https:\/\/cndestetik.ch\/fr\/wp-json\/wp\/v2\/media?parent=64243"}],"wp:term":[{"taxonomy":"product_brand","embeddable":true,"href":"https:\/\/cndestetik.ch\/fr\/wp-json\/wp\/v2\/product_brand?post=64243"},{"taxonomy":"product_cat","embeddable":true,"href":"https:\/\/cndestetik.ch\/fr\/wp-json\/wp\/v2\/product_cat?post=64243"},{"taxonomy":"product_tag","embeddable":true,"href":"https:\/\/cndestetik.ch\/fr\/wp-json\/wp\/v2\/product_tag?post=64243"}],"curies":[{"name":"wp","href":"https:\/\/api.w.org\/{rel}","templated":true}]}}