{"id":64189,"date":"2024-01-24T16:03:04","date_gmt":"2024-01-24T15:03:04","guid":{"rendered":"https:\/\/cndestetik.ch\/prodotto\/fauteuil-roma\/"},"modified":"2024-03-27T09:27:27","modified_gmt":"2024-03-27T08:27:27","slug":"fauteuil-roma","status":"publish","type":"product","link":"https:\/\/cndestetik.ch\/fr\/prodotto\/fauteuil-roma\/","title":{"rendered":"Fauteuil Roma"},"content":{"rendered":"<p>Fauteuil-lit \u00e0 roulettes, \u00c9LECTRIQUE 4 moteurs (lev\u00e9e + inclinaison + dossier + repose-jambes).<\/p>\n<p><strong>Optionnel<\/strong><br \/>\nCommande au pied sans fil avec m\u00e9moires. 290 CHF<br \/>\nPorte-rouleau CHF 90<br \/>\nChauffage CHF 310<br \/>\nBatterie alimentation externe CHF 130<\/p>\n<p>Accoudoirs CHF 240<\/p>\n","protected":false},"excerpt":{"rendered":"<p>Fauteuil-lit \u00e0 roulettes, ELECTRIC 4 Motors<\/p>\n","protected":false},"featured_media":64186,"template":"","meta":{"_acf_changed":false},"product_brand":[],"product_cat":[11767],"product_tag":[12043,12253],"class_list":{"0":"post-64189","1":"product","2":"type-product","3":"status-publish","4":"has-post-thumbnail","6":"product_cat-ameublement","7":"product_tag-fauteuil","8":"product_tag-rome-fr","10":"first","11":"instock","12":"taxable","13":"shipping-taxable","14":"purchasable","15":"product-type-simple"},"acf":[],"jetpack_sharing_enabled":true,"_links":{"self":[{"href":"https:\/\/cndestetik.ch\/fr\/wp-json\/wp\/v2\/product\/64189","targetHints":{"allow":["GET"]}}],"collection":[{"href":"https:\/\/cndestetik.ch\/fr\/wp-json\/wp\/v2\/product"}],"about":[{"href":"https:\/\/cndestetik.ch\/fr\/wp-json\/wp\/v2\/types\/product"}],"wp:featuredmedia":[{"embeddable":true,"href":"https:\/\/cndestetik.ch\/fr\/wp-json\/wp\/v2\/media\/64186"}],"wp:attachment":[{"href":"https:\/\/cndestetik.ch\/fr\/wp-json\/wp\/v2\/media?parent=64189"}],"wp:term":[{"taxonomy":"product_brand","embeddable":true,"href":"https:\/\/cndestetik.ch\/fr\/wp-json\/wp\/v2\/product_brand?post=64189"},{"taxonomy":"product_cat","embeddable":true,"href":"https:\/\/cndestetik.ch\/fr\/wp-json\/wp\/v2\/product_cat?post=64189"},{"taxonomy":"product_tag","embeddable":true,"href":"https:\/\/cndestetik.ch\/fr\/wp-json\/wp\/v2\/product_tag?post=64189"}],"curies":[{"name":"wp","href":"https:\/\/api.w.org\/{rel}","templated":true}]}}