{"id":64179,"date":"2024-01-24T15:53:36","date_gmt":"2024-01-24T14:53:36","guid":{"rendered":"https:\/\/cndestetik.ch\/prodotto\/fauteuil-pedi-live\/"},"modified":"2024-01-24T16:05:42","modified_gmt":"2024-01-24T15:05:42","slug":"fauteuil-pedi-live","status":"publish","type":"product","link":"https:\/\/cndestetik.ch\/fr\/prodotto\/fauteuil-pedi-live\/","title":{"rendered":"Fauteuil Pedi-Live"},"content":{"rendered":"<p>Fauteuil de traitement debout \u00e9quip\u00e9 de 4 moteurs \u00e0 basse tension, qui permettent de r\u00e9gler l&#8217;assise avec pr\u00e9cision pour obtenir la position de travail id\u00e9ale. Tous les r\u00e9glages, \u00e0 l&#8217;exception de l&#8217;appui-t\u00eate, sont effectu\u00e9s \u00e9lectriquement \u00e0 l&#8217;aide d&#8217;une t\u00e9l\u00e9commande sans fil :<\/p>\n<p>&#8211; Le si\u00e8ge peut pivoter de 90\u00b0 et est r\u00e9glable horizontalement et verticalement.<br \/>\n&#8211; Le dossier peut \u00eatre inclin\u00e9 pour am\u00e9liorer le confort de l&#8217;utilisateur ou pour r\u00e9aliser des soins du visage et du maquillage semi-permanent.<br \/>\n&#8211; La hauteur est r\u00e9glable de 57 cm \u00e0 101 cm.<br \/>\n&#8211; Sellerie anatomique, recouverte d&#8217;\u00e9co-cuir ignifug\u00e9 de classe M1.<\/p>\n<p>Capacit\u00e9 de levage : 150 kg.<\/p>\n<p>Dimensions : 120 cm x 77 cm<br \/>\nR\u00e9glage de la hauteur : 57 cm \u00e0 101 cm<br \/>\nInclinaison du dossier : 3\u00b0 &#8211; 35\u00b0.<br \/>\nPoids : 117 kg<\/p>\n","protected":false},"excerpt":{"rendered":"<p>Fauteuil de traitement des pieds \u00e9quip\u00e9 de 4 moteurs basse tension<\/p>\n","protected":false},"featured_media":64174,"template":"","meta":{"_acf_changed":false},"product_brand":[],"product_cat":[11767],"product_tag":[12043,12249,11193],"class_list":{"0":"post-64179","1":"product","2":"type-product","3":"status-publish","4":"has-post-thumbnail","6":"product_cat-ameublement","7":"product_tag-fauteuil","8":"product_tag-paedi","9":"product_tag-vivre","11":"first","12":"instock","13":"taxable","14":"shipping-taxable","15":"purchasable","16":"product-type-simple"},"acf":[],"jetpack_sharing_enabled":true,"_links":{"self":[{"href":"https:\/\/cndestetik.ch\/fr\/wp-json\/wp\/v2\/product\/64179","targetHints":{"allow":["GET"]}}],"collection":[{"href":"https:\/\/cndestetik.ch\/fr\/wp-json\/wp\/v2\/product"}],"about":[{"href":"https:\/\/cndestetik.ch\/fr\/wp-json\/wp\/v2\/types\/product"}],"wp:featuredmedia":[{"embeddable":true,"href":"https:\/\/cndestetik.ch\/fr\/wp-json\/wp\/v2\/media\/64174"}],"wp:attachment":[{"href":"https:\/\/cndestetik.ch\/fr\/wp-json\/wp\/v2\/media?parent=64179"}],"wp:term":[{"taxonomy":"product_brand","embeddable":true,"href":"https:\/\/cndestetik.ch\/fr\/wp-json\/wp\/v2\/product_brand?post=64179"},{"taxonomy":"product_cat","embeddable":true,"href":"https:\/\/cndestetik.ch\/fr\/wp-json\/wp\/v2\/product_cat?post=64179"},{"taxonomy":"product_tag","embeddable":true,"href":"https:\/\/cndestetik.ch\/fr\/wp-json\/wp\/v2\/product_tag?post=64179"}],"curies":[{"name":"wp","href":"https:\/\/api.w.org\/{rel}","templated":true}]}}