{"id":63935,"date":"2023-12-22T13:31:28","date_gmt":"2023-12-22T12:31:28","guid":{"rendered":"https:\/\/cndestetik.ch\/prodotto\/cours-ventre-plat\/"},"modified":"2024-01-10T16:19:43","modified_gmt":"2024-01-10T15:19:43","slug":"cours-ventre-plat","status":"publish","type":"product","link":"https:\/\/cndestetik.ch\/fr\/prodotto\/cours-ventre-plat\/","title":{"rendered":"Cours de massage lissant"},"content":{"rendered":"<p><strong>Le cours aura lieu le 15\/04<\/strong><\/p>\n<p>Le traitement de peeling pour le visage et le corps est un outil puissant pour la dermocosm\u00e9tique avanc\u00e9e.<\/p>\n<p>Au cours de la formation, un traitement de pointe sp\u00e9cialement con\u00e7u pour \u00e9liminer les cellules cutan\u00e9es d\u00e9vitalis\u00e9es qui s&#8217;accumulent \u00e0 la surface sera explor\u00e9. Son objectif principal est la r\u00e9g\u00e9n\u00e9ration de l&#8217;\u00e9piderme, en activant les m\u00e9canismes naturels de renouvellement de la couche cutan\u00e9e. Gr\u00e2ce \u00e0 l&#8217;action combin\u00e9e du peeling lissant professionnel haute performance et du kit de produits pr\u00e9 et post-traitement, cette m\u00e9thode acc\u00e9l\u00e8re le renouvellement cellulaire, favorisant la synth\u00e8se de nouveau collag\u00e8ne et d&#8217;\u00e9lastine, essentiels pour une peau saine et \u00e9lastique.<\/p>\n<p>Les r\u00e9sultats sont \u00e9tonnants : la peau pr\u00e9sente un aspect compact, liss\u00e9 et radieux, les rides sont d\u00e9tendues et la peau retrouve son \u00e9lasticit\u00e9 naturelle. L&#8217;hyperchromie, les taches et la dyschromie sont consid\u00e9rablement r\u00e9duites, tandis que le tonus et le soutien des tissus sont augment\u00e9s. On observe \u00e9galement une am\u00e9lioration significative des marques laiss\u00e9es par les vergetures, l&#8217;acn\u00e9 et les cicatrices.<\/p>\n<p>Le cours donnera les outils n\u00e9cessaires pour adapter le traitement aux diff\u00e9rents types de peau, en offrant une solution cibl\u00e9e et sp\u00e9cifique pour chaque besoin de la peau et chaque imperfection.<\/p>\n<p>A l&#8217;issue de la formation, un certificat de formation professionnelle est d\u00e9livr\u00e9 attestant des comp\u00e9tences acquises.<\/p>\n<p>A l&#8217;issue du cours, un certificat de participation conforme aux r\u00e9glementations de formation continue de RME et de la Fondation ASCA peut \u00eatre obtenu sur demande. Ce certificat atteste de la participation du participant au cours de recyclage, en indiquant le sujet trait\u00e9, les th\u00e8mes abord\u00e9s et le nombre d&#8217;heures suivies.<\/p>\n<p>Le d\u00e9jeuner est offert<\/p>\n<p>Les cours sont r\u00e9alis\u00e9s en coop\u00e9ration avec la soci\u00e9t\u00e9 UpMind Sagl. Pour toute information ou r\u00e9servation, veuillez nous contacter.<\/p>\n","protected":false},"excerpt":{"rendered":"<p>Le traitement de peeling pour le visage et le corps est un outil puissant pour la dermocosm\u00e9tique avanc\u00e9e.  <strong>Le cours aura lieu le 15\/04<\/strong><\/p>\n","protected":false},"featured_media":63932,"template":"","meta":{"_acf_changed":false},"product_brand":[],"product_cat":[3333],"product_tag":[12166,9480,7356],"class_list":{"0":"post-63935","1":"product","2":"type-product","3":"status-publish","4":"has-post-thumbnail","6":"product_cat-18-entrainement","7":"product_tag-cours","8":"product_tag-lissage","9":"product_tag-massage","11":"first","12":"instock","13":"taxable","14":"shipping-taxable","15":"product-type-simple"},"acf":[],"jetpack_sharing_enabled":true,"_links":{"self":[{"href":"https:\/\/cndestetik.ch\/fr\/wp-json\/wp\/v2\/product\/63935","targetHints":{"allow":["GET"]}}],"collection":[{"href":"https:\/\/cndestetik.ch\/fr\/wp-json\/wp\/v2\/product"}],"about":[{"href":"https:\/\/cndestetik.ch\/fr\/wp-json\/wp\/v2\/types\/product"}],"wp:featuredmedia":[{"embeddable":true,"href":"https:\/\/cndestetik.ch\/fr\/wp-json\/wp\/v2\/media\/63932"}],"wp:attachment":[{"href":"https:\/\/cndestetik.ch\/fr\/wp-json\/wp\/v2\/media?parent=63935"}],"wp:term":[{"taxonomy":"product_brand","embeddable":true,"href":"https:\/\/cndestetik.ch\/fr\/wp-json\/wp\/v2\/product_brand?post=63935"},{"taxonomy":"product_cat","embeddable":true,"href":"https:\/\/cndestetik.ch\/fr\/wp-json\/wp\/v2\/product_cat?post=63935"},{"taxonomy":"product_tag","embeddable":true,"href":"https:\/\/cndestetik.ch\/fr\/wp-json\/wp\/v2\/product_tag?post=63935"}],"curies":[{"name":"wp","href":"https:\/\/api.w.org\/{rel}","templated":true}]}}