{"id":63925,"date":"2023-12-22T13:29:19","date_gmt":"2023-12-22T12:29:19","guid":{"rendered":"https:\/\/cndestetik.ch\/prodotto\/cours-de-massage-du-ventre-plat\/"},"modified":"2024-01-10T16:19:47","modified_gmt":"2024-01-10T15:19:47","slug":"cours-de-massage-du-ventre-plat","status":"publish","type":"product","link":"https:\/\/cndestetik.ch\/fr\/prodotto\/cours-de-massage-du-ventre-plat\/","title":{"rendered":"Cours de massage du ventre plat"},"content":{"rendered":"<p><strong>Le cours aura lieu le 08\/04<\/strong><\/p>\n<p>Le traitement du ventre plat est un traitement fonctionnel qui utilise des techniques manuelles fermes et profondes sp\u00e9cifiquement con\u00e7ues pour apporter du bien-\u00eatre \u00e0 l&#8217;abdomen et aux organes impliqu\u00e9s dans la digestion et l&#8217;approvisionnement en \u00e9nergie. Le traitement pr\u00e9sente de multiples avantages : il souligne la taille et la forme en sablier, aplatit le ventre, draine les liquides et les toxines, favorise une motilit\u00e9 intestinale normale et active le m\u00e9tabolisme du tissu adipeux.<\/p>\n<p>Ce traitement repr\u00e9sente une excellente synergie entre la ma\u00eetrise de man\u0153uvres manuelles cibl\u00e9es et la puissance des extraits spagyriques, formul\u00e9s avec des composants actifs aux propri\u00e9t\u00e9s drainantes et r\u00e9ductrices. C&#8217;est un v\u00e9ritable r\u00e9gal pour l&#8217;abdomen et les organes vitaux impliqu\u00e9s dans la digestion et le maintien de l&#8217;\u00e9nergie.<\/p>\n<p>Son action ne se limite pas \u00e0 l&#8217;aspect ext\u00e9rieur : c&#8217;est un v\u00e9ritable soutien au bien-\u00eatre g\u00e9n\u00e9ral, \u00e0 l&#8217;am\u00e9lioration de la vitalit\u00e9 et \u00e0 l&#8217;\u00e9quilibre interne.<\/p>\n<p>Le traitement ventre plat est un traitement holistique qui vise \u00e0 optimiser la forme du corps, tout en le nourrissant et en le r\u00e9g\u00e9n\u00e9rant de l&#8217;int\u00e9rieur. La combinaison de manipulations cibl\u00e9es et l&#8217;application d&#8217;extraits spagyriques constituent un traitement complet visant \u00e0 transformer l&#8217;apparence physique et \u00e0 favoriser un \u00e9quilibre int\u00e9rieur durable et harmonieux.<\/p>\n<p>A l&#8217;issue de la formation, un certificat de formation professionnelle est d\u00e9livr\u00e9 attestant des comp\u00e9tences acquises.<\/p>\n<p>A l&#8217;issue du cours, un certificat de participation conforme aux r\u00e9glementations de formation continue de RME et de la Fondation ASCA peut \u00eatre obtenu sur demande. Ce certificat atteste de la participation du participant au cours de recyclage, en indiquant le sujet trait\u00e9, les th\u00e8mes abord\u00e9s et le nombre d&#8217;heures suivies.<\/p>\n<p>Le d\u00e9jeuner est offert<\/p>\n<p>Les cours sont r\u00e9alis\u00e9s en coop\u00e9ration avec la soci\u00e9t\u00e9 UpMind Sagl. Pour toute information ou r\u00e9servation, veuillez nous contacter.<\/p>\n","protected":false},"excerpt":{"rendered":"<p>Le traitement du ventre plat est un traitement fonctionnel qui utilise des techniques manuelles fermes et profondes sp\u00e9cifiquement con\u00e7ues pour apporter du bien-\u00eatre \u00e0 l&#8217;abdomen et aux organes impliqu\u00e9s dans la digestion et l&#8217;approvisionnement en \u00e9nergie.  <strong>Le cours aura lieu le 08\/04<\/strong><\/p>\n","protected":false},"featured_media":63921,"template":"","meta":{"_acf_changed":false},"product_brand":[],"product_cat":[3333],"product_tag":[12166,7356,6647,11306],"class_list":{"0":"post-63925","1":"product","2":"type-product","3":"status-publish","4":"has-post-thumbnail","6":"product_cat-18-entrainement","7":"product_tag-cours","8":"product_tag-massage","9":"product_tag-plaque","10":"product_tag-ventre-fr","12":"first","13":"instock","14":"taxable","15":"shipping-taxable","16":"product-type-simple"},"acf":[],"jetpack_sharing_enabled":true,"_links":{"self":[{"href":"https:\/\/cndestetik.ch\/fr\/wp-json\/wp\/v2\/product\/63925","targetHints":{"allow":["GET"]}}],"collection":[{"href":"https:\/\/cndestetik.ch\/fr\/wp-json\/wp\/v2\/product"}],"about":[{"href":"https:\/\/cndestetik.ch\/fr\/wp-json\/wp\/v2\/types\/product"}],"wp:featuredmedia":[{"embeddable":true,"href":"https:\/\/cndestetik.ch\/fr\/wp-json\/wp\/v2\/media\/63921"}],"wp:attachment":[{"href":"https:\/\/cndestetik.ch\/fr\/wp-json\/wp\/v2\/media?parent=63925"}],"wp:term":[{"taxonomy":"product_brand","embeddable":true,"href":"https:\/\/cndestetik.ch\/fr\/wp-json\/wp\/v2\/product_brand?post=63925"},{"taxonomy":"product_cat","embeddable":true,"href":"https:\/\/cndestetik.ch\/fr\/wp-json\/wp\/v2\/product_cat?post=63925"},{"taxonomy":"product_tag","embeddable":true,"href":"https:\/\/cndestetik.ch\/fr\/wp-json\/wp\/v2\/product_tag?post=63925"}],"curies":[{"name":"wp","href":"https:\/\/api.w.org\/{rel}","templated":true}]}}