{"id":63914,"date":"2023-12-22T13:25:12","date_gmt":"2023-12-22T12:25:12","guid":{"rendered":"https:\/\/cndestetik.ch\/prodotto\/cours-de-maderotherapie\/"},"modified":"2024-01-10T16:50:45","modified_gmt":"2024-01-10T15:50:45","slug":"cours-de-maderotherapie","status":"publish","type":"product","link":"https:\/\/cndestetik.ch\/fr\/prodotto\/cours-de-maderotherapie\/","title":{"rendered":"Cours de mad\u00e9roth\u00e9rapie"},"content":{"rendered":"<p><strong>Le cours aura lieu le 25\/03<\/strong><\/p>\n<p>La mad\u00e9roth\u00e9rapie utilise des instruments en bois naturel pour stimuler et traiter diff\u00e9rentes zones du corps, induisant un effet drainant, remodelant et relaxant.<\/p>\n<p>Les premi\u00e8res s\u00e9ances montrent d\u00e9j\u00e0 une am\u00e9lioration en termes de tonicit\u00e9 et de r\u00e9duction des gonflements. Cette pratique, originaire d&#8217;Am\u00e9rique du Sud (du mot &#8220;Madeira&#8221;, qui signifie bois), est largement utilis\u00e9e pour traiter la cellulite, les probl\u00e8mes lymphatiques, la r\u00e9tention d&#8217;eau, les d\u00e9p\u00f4ts de graisse superficiels et profonds, ainsi que les gonflements de l&#8217;abdomen et des jambes.<\/p>\n<p>Cette technique de massage agit de mani\u00e8re non invasive sur le syst\u00e8me nerveux, g\u00e9n\u00e9rant des b\u00e9n\u00e9fices psychophysiques qui vont au-del\u00e0 des zones trait\u00e9es. Les instruments en bois permettent au praticien d&#8217;exercer une pression au-del\u00e0 des capacit\u00e9s manuelles, maximisant ainsi l&#8217;impact b\u00e9n\u00e9fique sur le receveur. Le traitement commence souvent par un massage manuel de drainage lymphatique, qui pr\u00e9pare le corps \u00e0 la mad\u00e9roth\u00e9rapie.<\/p>\n<p>Les avantages de cette technique comprennent l&#8217;am\u00e9lioration de la circulation sanguine et lymphatique, la tonification de la peau, les effets raffermissants et la r\u00e9duction de l&#8217;enflure des jambes. Il favorise la production d&#8217;\u00e9lastine et de collag\u00e8ne, tonifie le syst\u00e8me nerveux et contribue \u00e0 am\u00e9liorer le tonus musculaire. Il est efficace pour traiter l&#8217;anticellulite et r\u00e9duire les d\u00e9p\u00f4ts de graisse dans diff\u00e9rentes parties du corps, modelant ainsi la silhouette. Il aide \u00e9galement \u00e0 soulager les tensions musculaires, les contractures, les probl\u00e8mes de dos tels que la lombosciatique, et favorise la relaxation mentale et physique. Il renforce \u00e9galement le syst\u00e8me immunitaire et favorise l&#8217;oxyg\u00e9nation des tissus.<\/p>\n<p>A l&#8217;issue de la formation, un certificat de formation professionnelle est d\u00e9livr\u00e9 attestant des comp\u00e9tences acquises.<\/p>\n<p>A l&#8217;issue du cours, un certificat de participation conforme aux r\u00e9glementations de formation continue de RME et de la Fondation ASCA peut \u00eatre obtenu sur demande. Ce certificat atteste de la participation du participant au cours de recyclage, en indiquant le sujet trait\u00e9, les th\u00e8mes abord\u00e9s et le nombre d&#8217;heures suivies.<\/p>\n<p>Le d\u00e9jeuner est offert<\/p>\n<p>Les cours sont r\u00e9alis\u00e9s en coop\u00e9ration avec la soci\u00e9t\u00e9 UpMind Sagl. Pour toute information ou r\u00e9servation, veuillez nous contacter.<\/p>\n","protected":false},"excerpt":{"rendered":"<p>La mad\u00e9roth\u00e9rapie utilise des instruments en bois naturel pour stimuler et traiter diff\u00e9rentes zones du corps, induisant un effet drainant, remodelant et relaxant.  <strong>Le cours aura lieu le 25\/03<\/strong><\/p>\n","protected":false},"featured_media":63911,"template":"","meta":{"_acf_changed":false},"product_brand":[],"product_cat":[3333],"product_tag":[12166,12167,12199],"class_list":{"0":"post-63914","1":"product","2":"type-product","3":"status-publish","4":"has-post-thumbnail","6":"product_cat-18-entrainement","7":"product_tag-cours","8":"product_tag-madero-therapie","9":"product_tag-maderotherapie","11":"first","12":"instock","13":"taxable","14":"shipping-taxable","15":"product-type-simple"},"acf":[],"jetpack_sharing_enabled":true,"_links":{"self":[{"href":"https:\/\/cndestetik.ch\/fr\/wp-json\/wp\/v2\/product\/63914","targetHints":{"allow":["GET"]}}],"collection":[{"href":"https:\/\/cndestetik.ch\/fr\/wp-json\/wp\/v2\/product"}],"about":[{"href":"https:\/\/cndestetik.ch\/fr\/wp-json\/wp\/v2\/types\/product"}],"wp:featuredmedia":[{"embeddable":true,"href":"https:\/\/cndestetik.ch\/fr\/wp-json\/wp\/v2\/media\/63911"}],"wp:attachment":[{"href":"https:\/\/cndestetik.ch\/fr\/wp-json\/wp\/v2\/media?parent=63914"}],"wp:term":[{"taxonomy":"product_brand","embeddable":true,"href":"https:\/\/cndestetik.ch\/fr\/wp-json\/wp\/v2\/product_brand?post=63914"},{"taxonomy":"product_cat","embeddable":true,"href":"https:\/\/cndestetik.ch\/fr\/wp-json\/wp\/v2\/product_cat?post=63914"},{"taxonomy":"product_tag","embeddable":true,"href":"https:\/\/cndestetik.ch\/fr\/wp-json\/wp\/v2\/product_tag?post=63914"}],"curies":[{"name":"wp","href":"https:\/\/api.w.org\/{rel}","templated":true}]}}