{"id":63907,"date":"2023-12-22T13:22:15","date_gmt":"2023-12-22T12:22:15","guid":{"rendered":"https:\/\/cndestetik.ch\/prodotto\/cours-de-massage-decontractant-gua-sha\/"},"modified":"2024-01-10T16:18:47","modified_gmt":"2024-01-10T15:18:47","slug":"cours-de-massage-decontractant-gua-sha","status":"publish","type":"product","link":"https:\/\/cndestetik.ch\/fr\/prodotto\/cours-de-massage-decontractant-gua-sha\/","title":{"rendered":"Cours de massage d\u00e9contractant Gua-Sha"},"content":{"rendered":"<p><strong>Le cours aura lieu le 04\/03<\/strong><\/p>\n<p>Pr\u00e9parez-vous \u00e0 vous immerger dans un voyage de bien-\u00eatre complet, combinant le pouvoir de la nature et la sagesse ancestrale du gua-sha, le tout entre vos mains !<\/p>\n<p>Cette formation est consacr\u00e9e au massage Gua Sha d\u00e9contractant, une exp\u00e9rience qui va au-del\u00e0 du simple soulagement physique. Ce traitement vise \u00e0 rel\u00e2cher les tensions dans le cou, les \u00e9paules, les bras, le dos et la r\u00e9gion lombaire, \u00e0 \u00e9vacuer le stress accumul\u00e9 et \u00e0 nettoyer les muscles des toxines. Le massage d\u00e9contractant offre une multitude de bienfaits, exploitant les cosm\u00e9tiques naturels et combinant les techniques manuelles, la r\u00e9flexologie et les principes de la m\u00e9decine chinoise, le tout avec l&#8217;aide pr\u00e9cieuse et puissante du Gua Sha.<\/p>\n<p>Le Gua Sha, qui signifie &#8220;frotter&#8221; et &#8220;appliquer une pression-gratter&#8221;, r\u00e9veille le corps, augmente la microcirculation et r\u00e9duit l&#8217;inflammation musculaire.<\/p>\n<p>La formation vise \u00e0 apprendre une technique de traitement adapt\u00e9e \u00e0 tous les niveaux de formation, vous amenant \u00e0 d\u00e9couvrir le Gua Sha, un art qui lib\u00e8re les tensions, favorise le bien-\u00eatre et r\u00e9v\u00e8le un traitement qui allie tradition et innovation.<\/p>\n<p>A l&#8217;issue de la formation, un certificat de formation professionnelle est d\u00e9livr\u00e9 attestant des comp\u00e9tences acquises.<\/p>\n<p>A l&#8217;issue du cours, un certificat de participation conforme aux r\u00e9glementations de formation continue de RME et de la Fondation ASCA peut \u00eatre obtenu sur demande. Ce certificat atteste de la participation du participant au cours de recyclage, en indiquant le sujet trait\u00e9, les th\u00e8mes abord\u00e9s et le nombre d&#8217;heures suivies.<\/p>\n<p>Le d\u00e9jeuner est offert<\/p>\n<p>Les cours sont r\u00e9alis\u00e9s en coop\u00e9ration avec la soci\u00e9t\u00e9 UpMind Sagl. Pour toute information ou r\u00e9servation, veuillez nous contacter.<\/p>\n","protected":false},"excerpt":{"rendered":"<p>Pr\u00e9parez-vous \u00e0 vous immerger dans un voyage de bien-\u00eatre complet, combinant le pouvoir de la nature et la sagesse ancestrale du gua-sha, le tout entre vos mains !  <strong>Le cours aura lieu le 04\/03<\/strong><\/p>\n","protected":false},"featured_media":63901,"template":"","meta":{"_acf_changed":false},"product_brand":[],"product_cat":[3333],"product_tag":[12158,12156,7356,12157],"class_list":{"0":"post-63907","1":"product","2":"type-product","3":"status-publish","4":"has-post-thumbnail","6":"product_cat-18-entrainement","7":"product_tag-decontractant","8":"product_tag-gua-fr","9":"product_tag-massage","10":"product_tag-sha-fr","12":"first","13":"instock","14":"taxable","15":"shipping-taxable","16":"product-type-simple"},"acf":[],"jetpack_sharing_enabled":true,"_links":{"self":[{"href":"https:\/\/cndestetik.ch\/fr\/wp-json\/wp\/v2\/product\/63907","targetHints":{"allow":["GET"]}}],"collection":[{"href":"https:\/\/cndestetik.ch\/fr\/wp-json\/wp\/v2\/product"}],"about":[{"href":"https:\/\/cndestetik.ch\/fr\/wp-json\/wp\/v2\/types\/product"}],"wp:featuredmedia":[{"embeddable":true,"href":"https:\/\/cndestetik.ch\/fr\/wp-json\/wp\/v2\/media\/63901"}],"wp:attachment":[{"href":"https:\/\/cndestetik.ch\/fr\/wp-json\/wp\/v2\/media?parent=63907"}],"wp:term":[{"taxonomy":"product_brand","embeddable":true,"href":"https:\/\/cndestetik.ch\/fr\/wp-json\/wp\/v2\/product_brand?post=63907"},{"taxonomy":"product_cat","embeddable":true,"href":"https:\/\/cndestetik.ch\/fr\/wp-json\/wp\/v2\/product_cat?post=63907"},{"taxonomy":"product_tag","embeddable":true,"href":"https:\/\/cndestetik.ch\/fr\/wp-json\/wp\/v2\/product_tag?post=63907"}],"curies":[{"name":"wp","href":"https:\/\/api.w.org\/{rel}","templated":true}]}}