{"id":63884,"date":"2023-12-22T13:18:02","date_gmt":"2023-12-22T12:18:02","guid":{"rendered":"https:\/\/cndestetik.ch\/prodotto\/cours-de-massage-claifornien\/"},"modified":"2024-01-15T10:32:03","modified_gmt":"2024-01-15T09:32:03","slug":"cours-de-massage-claifornien","status":"publish","type":"product","link":"https:\/\/cndestetik.ch\/fr\/prodotto\/cours-de-massage-claifornien\/","title":{"rendered":"Cours de massage californien"},"content":{"rendered":"<p><strong>Le cours aura lieu le 05\/02<\/strong><\/p>\n<p>La formation en massage californien vous guide \u00e0 travers un type particulier de traitement relaxant qui va au-del\u00e0 du simple bien-\u00eatre physique et vise \u00e0 r\u00e9tablir l&#8217;\u00e9quilibre entre le corps et l&#8217;esprit.<\/p>\n<p>Originaire de Californie, ce massage puissant favorise non seulement la relaxation corporelle, mais se concentre \u00e9galement sur le r\u00e9\u00e9quilibrage des plans physique et spirituel. L&#8217;objectif principal est de cr\u00e9er une harmonie profonde entre le corps et l&#8217;esprit, faisant du massage californien une exp\u00e9rience sensorielle significative pour le bien-\u00eatre g\u00e9n\u00e9ral de l&#8217;individu.<br \/>\nDans ce cours, vous apprendrez comment ce type de traitement vise \u00e0 cr\u00e9er un contact pr\u00e9cieux entre le masseur et le client, en cr\u00e9ant une exp\u00e9rience sensorielle qui g\u00e9n\u00e8re un \u00e9tat profond de relaxation physique et mentale, vous permettant de retrouver l&#8217;harmonie avec votre corps et votre esprit.<\/p>\n<p>Le massage californien offre divers avantages physiques tels que la r\u00e9duction de la tension musculaire, l&#8217;augmentation de l&#8217;\u00e9lasticit\u00e9 et de l&#8217;hydratation de la peau et la stimulation de la circulation sanguine et lymphatique. Il peut \u00e9galement favoriser la perte de poids, r\u00e9duire la cellulite, faciliter l&#8217;\u00e9limination des toxines et am\u00e9liorer la digestion.<br \/>\nSur le plan mental, ce type de massage peut contribuer \u00e0 soulager le stress et les tensions, \u00e0 r\u00e9duire les \u00e9tats d&#8217;anxi\u00e9t\u00e9 non pathologiques, \u00e0 augmenter l&#8217;estime de soi et \u00e0 r\u00e9\u00e9quilibrer le syst\u00e8me nerveux, en aidant l&#8217;individu \u00e0 r\u00e9tablir une relation positive avec son corps.<\/p>\n<p>A l&#8217;issue de la formation, un certificat de formation professionnelle est d\u00e9livr\u00e9 attestant des comp\u00e9tences acquises.<\/p>\n<p>A l&#8217;issue du cours, un certificat de participation conforme aux r\u00e9glementations de formation continue de RME et de la Fondation ASCA peut \u00eatre obtenu sur demande. Ce certificat atteste de la participation du participant au cours de recyclage, en indiquant le sujet trait\u00e9, les th\u00e8mes abord\u00e9s et le nombre d&#8217;heures suivies.<\/p>\n<p>Le d\u00e9jeuner est offert<\/p>\n<p>Les cours sont r\u00e9alis\u00e9s en coop\u00e9ration avec la soci\u00e9t\u00e9 UpMind Sagl. Pour toute information ou r\u00e9servation, veuillez nous contacter.<\/p>\n","protected":false},"excerpt":{"rendered":"<p>La formation en massage californien vous guide \u00e0 travers un type particulier de traitement relaxant qui va au-del\u00e0 du simple bien-\u00eatre physique et vise \u00e0 r\u00e9tablir l&#8217;\u00e9quilibre entre le corps et l&#8217;esprit.  <strong>Le cours aura lieu le 05\/02<\/strong><\/p>\n","protected":false},"featured_media":63871,"template":"","meta":{"_acf_changed":false},"product_brand":[],"product_cat":[3333],"product_tag":[],"class_list":{"0":"post-63884","1":"product","2":"type-product","3":"status-publish","4":"has-post-thumbnail","6":"product_cat-18-entrainement","8":"first","9":"instock","10":"taxable","11":"shipping-taxable","12":"product-type-simple"},"acf":[],"jetpack_sharing_enabled":true,"_links":{"self":[{"href":"https:\/\/cndestetik.ch\/fr\/wp-json\/wp\/v2\/product\/63884","targetHints":{"allow":["GET"]}}],"collection":[{"href":"https:\/\/cndestetik.ch\/fr\/wp-json\/wp\/v2\/product"}],"about":[{"href":"https:\/\/cndestetik.ch\/fr\/wp-json\/wp\/v2\/types\/product"}],"wp:featuredmedia":[{"embeddable":true,"href":"https:\/\/cndestetik.ch\/fr\/wp-json\/wp\/v2\/media\/63871"}],"wp:attachment":[{"href":"https:\/\/cndestetik.ch\/fr\/wp-json\/wp\/v2\/media?parent=63884"}],"wp:term":[{"taxonomy":"product_brand","embeddable":true,"href":"https:\/\/cndestetik.ch\/fr\/wp-json\/wp\/v2\/product_brand?post=63884"},{"taxonomy":"product_cat","embeddable":true,"href":"https:\/\/cndestetik.ch\/fr\/wp-json\/wp\/v2\/product_cat?post=63884"},{"taxonomy":"product_tag","embeddable":true,"href":"https:\/\/cndestetik.ch\/fr\/wp-json\/wp\/v2\/product_tag?post=63884"}],"curies":[{"name":"wp","href":"https:\/\/api.w.org\/{rel}","templated":true}]}}