{"id":63878,"date":"2023-12-22T13:16:23","date_gmt":"2023-12-22T12:16:23","guid":{"rendered":"https:\/\/cndestetik.ch\/prodotto\/cours-de-massage-connectival\/"},"modified":"2024-01-10T16:18:54","modified_gmt":"2024-01-10T15:18:54","slug":"cours-de-massage-connectival","status":"publish","type":"product","link":"https:\/\/cndestetik.ch\/fr\/prodotto\/cours-de-massage-connectival\/","title":{"rendered":"Cours de massage connectival"},"content":{"rendered":"<p><strong>Le cours aura lieu le 12\/02<\/strong><\/p>\n<p>La formation au massage du tissu conjonctif vous pr\u00e9sente des techniques cibl\u00e9es pour stimuler les tissus profonds du corps, en se concentrant sur le tissu conjonctif. L&#8217;objectif principal est d&#8217;activer des zones sp\u00e9cifiques du corps afin de g\u00e9n\u00e9rer des b\u00e9n\u00e9fices locaux, en traitant les imperfections, et des r\u00e9flexes, en influen\u00e7ant les organes et les fonctions visc\u00e9rales m\u00eame dans des zones \u00e9loign\u00e9es.<\/p>\n<p>Ce type de massage est utilis\u00e9 pour traiter un large \u00e9ventail d&#8217;imperfections, s&#8217;attaquant \u00e0 la cellulite et \u00e0 d&#8217;autres probl\u00e8mes tels que les vergetures, le rel\u00e2chement de la peau et les cicatrices. Le massage du tissu conjonctif est particuli\u00e8rement efficace dans les stades avanc\u00e9s de la cellulite, en utilisant des tractions profondes avec le pouce et l&#8217;index pour stimuler les tissus enflamm\u00e9s et r\u00e9duire la stagnation des fluides.<\/p>\n<p>Le massage du tissu conjonctif est \u00e9galement indiqu\u00e9 pour : favoriser la relaxation musculaire, soulager les tensions et les raideurs ; soulager les douleurs musculaires et articulaires ; am\u00e9liorer la mobilit\u00e9 des articulations et la posture ; augmenter la circulation sanguine dans les tissus trait\u00e9s ; aider \u00e0 r\u00e9duire le stress.<\/p>\n<p>Cette formation vous fournit les outils pour appliquer ces techniques de mani\u00e8re efficace et cibl\u00e9e, ouvrant la voie \u00e0 une approche holistique du bien-\u00eatre et de la sant\u00e9 du corps et de la personne dans son ensemble.<\/p>\n<p>A l&#8217;issue de la formation, un certificat de formation professionnelle est d\u00e9livr\u00e9 attestant des comp\u00e9tences acquises.<\/p>\n<p>A l&#8217;issue du cours, un certificat de participation conforme aux r\u00e9glementations de formation continue de RME et de la Fondation ASCA peut \u00eatre obtenu sur demande. Ce certificat atteste de la participation du participant au cours de recyclage, en indiquant le sujet trait\u00e9, les th\u00e8mes abord\u00e9s et le nombre d&#8217;heures suivies.<\/p>\n<p>Le d\u00e9jeuner est offert<\/p>\n<p>Les cours sont r\u00e9alis\u00e9s en coop\u00e9ration avec la soci\u00e9t\u00e9 UpMind Sagl. Pour toute information ou r\u00e9servation, veuillez nous contacter.<\/p>\n","protected":false},"excerpt":{"rendered":"<p>La formation au massage du tissu conjonctif vous pr\u00e9sente des techniques cibl\u00e9es pour stimuler les tissus profonds du corps, en se concentrant sur le tissu conjonctif.  <strong>Le cours aura lieu le 12\/02<\/strong><\/p>\n","protected":false},"featured_media":63875,"template":"","meta":{"_acf_changed":false},"product_brand":[],"product_cat":[3333],"product_tag":[],"class_list":{"0":"post-63878","1":"product","2":"type-product","3":"status-publish","4":"has-post-thumbnail","6":"product_cat-18-entrainement","8":"first","9":"instock","10":"taxable","11":"shipping-taxable","12":"product-type-simple"},"acf":[],"jetpack_sharing_enabled":true,"_links":{"self":[{"href":"https:\/\/cndestetik.ch\/fr\/wp-json\/wp\/v2\/product\/63878","targetHints":{"allow":["GET"]}}],"collection":[{"href":"https:\/\/cndestetik.ch\/fr\/wp-json\/wp\/v2\/product"}],"about":[{"href":"https:\/\/cndestetik.ch\/fr\/wp-json\/wp\/v2\/types\/product"}],"wp:featuredmedia":[{"embeddable":true,"href":"https:\/\/cndestetik.ch\/fr\/wp-json\/wp\/v2\/media\/63875"}],"wp:attachment":[{"href":"https:\/\/cndestetik.ch\/fr\/wp-json\/wp\/v2\/media?parent=63878"}],"wp:term":[{"taxonomy":"product_brand","embeddable":true,"href":"https:\/\/cndestetik.ch\/fr\/wp-json\/wp\/v2\/product_brand?post=63878"},{"taxonomy":"product_cat","embeddable":true,"href":"https:\/\/cndestetik.ch\/fr\/wp-json\/wp\/v2\/product_cat?post=63878"},{"taxonomy":"product_tag","embeddable":true,"href":"https:\/\/cndestetik.ch\/fr\/wp-json\/wp\/v2\/product_tag?post=63878"}],"curies":[{"name":"wp","href":"https:\/\/api.w.org\/{rel}","templated":true}]}}