{"id":63864,"date":"2023-12-22T13:12:41","date_gmt":"2023-12-22T12:12:41","guid":{"rendered":"https:\/\/cndestetik.ch\/prodotto\/cours-de-massage-myofiscal\/"},"modified":"2024-01-11T11:13:44","modified_gmt":"2024-01-11T10:13:44","slug":"cours-de-massage-myofiscal","status":"publish","type":"product","link":"https:\/\/cndestetik.ch\/fr\/prodotto\/cours-de-massage-myofiscal\/","title":{"rendered":"Cours de massage myofiscal"},"content":{"rendered":"<p><strong>Le cours aura lieu le 29\/04<\/strong><\/p>\n<p>Le massage myofascial est une technique cibl\u00e9e qui agit sur le tissu conjonctif qui entoure les muscles (le fascia) afin de r\u00e9tablir l&#8217;\u00e9quilibre des tensions et la fluidit\u00e9 musculaire. Gr\u00e2ce \u00e0 des techniques manuelles et \u00e0 des frictions cibl\u00e9es, elle lib\u00e8re les tensions qui limitent le mouvement, permettant au corps de retrouver son \u00e9lasticit\u00e9 et de r\u00e9duire la douleur caus\u00e9e par les tensions musculaires et du tissu conjonctif. Elle peut \u00e9galement \u00eatre utile pour les probl\u00e8mes posturaux tels que la scoliose. Il s&#8217;agit d&#8217;une pratique pr\u00e9ventive et tonifiante pour les tissus musculaires. L&#8217;objectif principal du massage myofascial est de r\u00e9tablir le mouvement correct des fascias et de r\u00e9duire les limitations de mobilit\u00e9, en apportant un soulagement b\u00e9n\u00e9fique aux tensions et aux restrictions de mouvement.<\/p>\n<p>A l&#8217;issue de la formation, un certificat de formation professionnelle est d\u00e9livr\u00e9 attestant des comp\u00e9tences acquises.<\/p>\n<p>A l&#8217;issue du cours, un certificat de participation conforme aux r\u00e9glementations de formation continue de RME et de la Fondation ASCA peut \u00eatre obtenu sur demande. Ce certificat atteste de la participation du participant au cours de recyclage, en indiquant le sujet trait\u00e9, les th\u00e8mes abord\u00e9s et le nombre d&#8217;heures suivies.<\/p>\n<p>Le d\u00e9jeuner est offert<\/p>\n<p>Les cours sont r\u00e9alis\u00e9s en coop\u00e9ration avec la soci\u00e9t\u00e9 UpMind Sagl. Pour toute information ou r\u00e9servation, veuillez nous contacter.<\/p>\n","protected":false},"excerpt":{"rendered":"<p>Le massage myofascial est une technique cibl\u00e9e qui agit sur le tissu conjonctif qui entoure les muscles (le fascia) afin de r\u00e9tablir l&#8217;\u00e9quilibre des tensions et la fluidit\u00e9 musculaire.  <strong>Le cours aura lieu le 29\/04<\/strong><\/p>\n","protected":false},"featured_media":63861,"template":"","meta":{"_acf_changed":false},"product_brand":[],"product_cat":[3333],"product_tag":[],"class_list":{"0":"post-63864","1":"product","2":"type-product","3":"status-publish","4":"has-post-thumbnail","6":"product_cat-18-entrainement","8":"first","9":"instock","10":"taxable","11":"shipping-taxable","12":"product-type-simple"},"acf":[],"jetpack_sharing_enabled":true,"_links":{"self":[{"href":"https:\/\/cndestetik.ch\/fr\/wp-json\/wp\/v2\/product\/63864","targetHints":{"allow":["GET"]}}],"collection":[{"href":"https:\/\/cndestetik.ch\/fr\/wp-json\/wp\/v2\/product"}],"about":[{"href":"https:\/\/cndestetik.ch\/fr\/wp-json\/wp\/v2\/types\/product"}],"wp:featuredmedia":[{"embeddable":true,"href":"https:\/\/cndestetik.ch\/fr\/wp-json\/wp\/v2\/media\/63861"}],"wp:attachment":[{"href":"https:\/\/cndestetik.ch\/fr\/wp-json\/wp\/v2\/media?parent=63864"}],"wp:term":[{"taxonomy":"product_brand","embeddable":true,"href":"https:\/\/cndestetik.ch\/fr\/wp-json\/wp\/v2\/product_brand?post=63864"},{"taxonomy":"product_cat","embeddable":true,"href":"https:\/\/cndestetik.ch\/fr\/wp-json\/wp\/v2\/product_cat?post=63864"},{"taxonomy":"product_tag","embeddable":true,"href":"https:\/\/cndestetik.ch\/fr\/wp-json\/wp\/v2\/product_tag?post=63864"}],"curies":[{"name":"wp","href":"https:\/\/api.w.org\/{rel}","templated":true}]}}