{"id":63821,"date":"2023-12-05T16:12:29","date_gmt":"2023-12-05T15:12:29","guid":{"rendered":"https:\/\/cndestetik.ch\/prodotto\/fauteuil-eva-podo\/"},"modified":"2024-03-27T09:47:30","modified_gmt":"2024-03-27T08:47:30","slug":"fauteuil-eva-podo","status":"publish","type":"product","link":"https:\/\/cndestetik.ch\/fr\/prodotto\/fauteuil-eva-podo\/","title":{"rendered":"Fauteuil Eva-Podo"},"content":{"rendered":"<p>Nouveau fauteuil de podologie au design \u00e9l\u00e9gant et raffin\u00e9. Con\u00e7ue selon les param\u00e8tres du DESIGN, du CONFORT et de la FONCTIONNALIT\u00c9.<\/p>\n<p><strong>En option :<\/strong><\/p>\n<ul>\n<li>Bols de manucure (la paire) 60 CHF<\/li>\n<\/ul>\n<p>Chaque option est sujette \u00e0 des changements de prix en cas de r\u00e9duction. Sp\u00e9cifiez les options souhait\u00e9es dans les notes d&#8217;achat.<\/p>\n","protected":false},"excerpt":{"rendered":"<p>Le fauteuil est \u00e9quip\u00e9 d&#8217;un syst\u00e8me de basculement avec un m\u00e9canisme \u00e0 gaz qui lui permet d&#8217;atteindre une inclinaison de 45\u00b0.<\/p>\n","protected":false},"featured_media":63081,"template":"","meta":{"_acf_changed":false},"product_brand":[],"product_cat":[11767],"product_tag":[12112,12043,12129],"class_list":{"0":"post-63821","1":"product","2":"type-product","3":"status-publish","4":"has-post-thumbnail","6":"product_cat-ameublement","7":"product_tag-eva-fr","8":"product_tag-fauteuil","9":"product_tag-podo-fr","10":"pa_optional-poltrone-fauteuil-avec-accoudoirs","11":"pa_optional-poltrone-fauteuil-standard","13":"first","14":"instock","15":"taxable","16":"shipping-taxable","17":"purchasable","18":"product-type-simple"},"acf":[],"jetpack_sharing_enabled":true,"_links":{"self":[{"href":"https:\/\/cndestetik.ch\/fr\/wp-json\/wp\/v2\/product\/63821","targetHints":{"allow":["GET"]}}],"collection":[{"href":"https:\/\/cndestetik.ch\/fr\/wp-json\/wp\/v2\/product"}],"about":[{"href":"https:\/\/cndestetik.ch\/fr\/wp-json\/wp\/v2\/types\/product"}],"wp:featuredmedia":[{"embeddable":true,"href":"https:\/\/cndestetik.ch\/fr\/wp-json\/wp\/v2\/media\/63081"}],"wp:attachment":[{"href":"https:\/\/cndestetik.ch\/fr\/wp-json\/wp\/v2\/media?parent=63821"}],"wp:term":[{"taxonomy":"product_brand","embeddable":true,"href":"https:\/\/cndestetik.ch\/fr\/wp-json\/wp\/v2\/product_brand?post=63821"},{"taxonomy":"product_cat","embeddable":true,"href":"https:\/\/cndestetik.ch\/fr\/wp-json\/wp\/v2\/product_cat?post=63821"},{"taxonomy":"product_tag","embeddable":true,"href":"https:\/\/cndestetik.ch\/fr\/wp-json\/wp\/v2\/product_tag?post=63821"}],"curies":[{"name":"wp","href":"https:\/\/api.w.org\/{rel}","templated":true}]}}