{"id":63812,"date":"2023-12-05T16:29:50","date_gmt":"2023-12-05T15:29:50","guid":{"rendered":"https:\/\/cndestetik.ch\/prodotto\/repose-pieds-avec-marche\/"},"modified":"2023-12-05T16:29:50","modified_gmt":"2023-12-05T15:29:50","slug":"repose-pieds-avec-marche","status":"publish","type":"product","link":"https:\/\/cndestetik.ch\/fr\/prodotto\/repose-pieds-avec-marche\/","title":{"rendered":"Repose-pieds avec marche"},"content":{"rendered":"<p>Le marchepied est \u00e9quip\u00e9 d&#8217;un repose-pieds r\u00e9glable dans toutes les positions. Utile pour effectuer divers traitements des pieds, il peut \u00eatre combin\u00e9 avec n&#8217;importe quel type de si\u00e8ge ou de chaise.<\/p>\n<p>Disponible en 3 variantes :<\/p>\n<p>marche avec repose-pieds (sans bassin)<br \/>\nBACINELLA seul<br \/>\nGRADINO seul<\/p>\n","protected":false},"excerpt":{"rendered":"<p>Le marchepied est \u00e9quip\u00e9 d&#8217;un repose-pieds r\u00e9glable dans toutes les positions.<\/p>\n","protected":false},"featured_media":63092,"template":"","meta":{"_acf_changed":false},"product_brand":[],"product_cat":[11767],"product_tag":[12122,12121,1453],"class_list":{"0":"post-63812","1":"product","2":"type-product","3":"status-publish","4":"has-post-thumbnail","6":"product_cat-ameublement","7":"product_tag-baccy","8":"product_tag-paille","9":"product_tag-pieds","10":"pa_optional-poltrone-baccinella-fr","11":"pa_optional-poltrone-repose-bassin-marche-sans-repose-pieds-et-sans-cuvette","12":"pa_optional-poltrone-repose-pieds-avec-plateau","14":"first","15":"instock","16":"taxable","17":"shipping-taxable","18":"purchasable","19":"product-type-variable"},"acf":[],"jetpack_sharing_enabled":true,"_links":{"self":[{"href":"https:\/\/cndestetik.ch\/fr\/wp-json\/wp\/v2\/product\/63812","targetHints":{"allow":["GET"]}}],"collection":[{"href":"https:\/\/cndestetik.ch\/fr\/wp-json\/wp\/v2\/product"}],"about":[{"href":"https:\/\/cndestetik.ch\/fr\/wp-json\/wp\/v2\/types\/product"}],"wp:featuredmedia":[{"embeddable":true,"href":"https:\/\/cndestetik.ch\/fr\/wp-json\/wp\/v2\/media\/63092"}],"wp:attachment":[{"href":"https:\/\/cndestetik.ch\/fr\/wp-json\/wp\/v2\/media?parent=63812"}],"wp:term":[{"taxonomy":"product_brand","embeddable":true,"href":"https:\/\/cndestetik.ch\/fr\/wp-json\/wp\/v2\/product_brand?post=63812"},{"taxonomy":"product_cat","embeddable":true,"href":"https:\/\/cndestetik.ch\/fr\/wp-json\/wp\/v2\/product_cat?post=63812"},{"taxonomy":"product_tag","embeddable":true,"href":"https:\/\/cndestetik.ch\/fr\/wp-json\/wp\/v2\/product_tag?post=63812"}],"curies":[{"name":"wp","href":"https:\/\/api.w.org\/{rel}","templated":true}]}}