{"id":63806,"date":"2023-12-05T16:09:20","date_gmt":"2023-12-05T15:09:20","guid":{"rendered":"https:\/\/cndestetik.ch\/prodotto\/fauteuil-eva-make-up\/"},"modified":"2024-03-27T09:48:42","modified_gmt":"2024-03-27T08:48:42","slug":"fauteuil-eva-make-up","status":"publish","type":"product","link":"https:\/\/cndestetik.ch\/fr\/prodotto\/fauteuil-eva-make-up\/","title":{"rendered":"Fauteuil Eva-Make Up"},"content":{"rendered":"<p>Le fauteuil est \u00e9quip\u00e9 d&#8217;un syst\u00e8me d&#8217;inclinaison avec un m\u00e9canisme \u00e0 gaz qui lui permet d&#8217;atteindre une inclinaison de 45\u00b0. Le si\u00e8ge est r\u00e9glable en hauteur gr\u00e2ce \u00e0 un piston hydraulique, peut pivoter sur 360\u00b0 et est \u00e9quip\u00e9 d&#8217;un verrou de rotation. Il est dot\u00e9 d&#8217;une t\u00eate de lit t\u00e9lescopique et de deux accoudoirs rembourr\u00e9s \u00e9quip\u00e9s de bols de manucure r\u00e9tractables. Les bols facilement amovibles peuvent \u00eatre utilis\u00e9s pour contenir des produits pour les soins du visage ou les soins de manucure.<\/p>\n<p><strong>En option :<\/strong><\/p>\n<ul>\n<li>Bols de manucure (la paire) 60 CHF<\/li>\n<\/ul>\n<p>Chaque option est sujette \u00e0 des changements de prix en cas de r\u00e9duction. Sp\u00e9cifiez les options souhait\u00e9es dans les notes d&#8217;achat.<\/p>\n","protected":false},"excerpt":{"rendered":"<p>Le fauteuil est \u00e9quip\u00e9 d&#8217;un syst\u00e8me de basculement avec un m\u00e9canisme \u00e0 gaz qui lui permet d&#8217;atteindre une inclinaison de 45\u00b0.<\/p>\n","protected":false},"featured_media":63072,"template":"","meta":{"_acf_changed":false},"product_brand":[],"product_cat":[11767],"product_tag":[7008,12112,7489,12043],"class_list":{"0":"post-63806","1":"product","2":"type-product","3":"status-publish","4":"has-post-thumbnail","6":"product_cat-ameublement","7":"product_tag-en-haut","8":"product_tag-eva-fr","9":"product_tag-faire","10":"product_tag-fauteuil","11":"pa_optional-poltrone-fauteuil-avec-accoudoirs","12":"pa_optional-poltrone-fauteuil-standard","14":"first","15":"instock","16":"taxable","17":"shipping-taxable","18":"purchasable","19":"product-type-simple"},"acf":[],"jetpack_sharing_enabled":true,"_links":{"self":[{"href":"https:\/\/cndestetik.ch\/fr\/wp-json\/wp\/v2\/product\/63806","targetHints":{"allow":["GET"]}}],"collection":[{"href":"https:\/\/cndestetik.ch\/fr\/wp-json\/wp\/v2\/product"}],"about":[{"href":"https:\/\/cndestetik.ch\/fr\/wp-json\/wp\/v2\/types\/product"}],"wp:featuredmedia":[{"embeddable":true,"href":"https:\/\/cndestetik.ch\/fr\/wp-json\/wp\/v2\/media\/63072"}],"wp:attachment":[{"href":"https:\/\/cndestetik.ch\/fr\/wp-json\/wp\/v2\/media?parent=63806"}],"wp:term":[{"taxonomy":"product_brand","embeddable":true,"href":"https:\/\/cndestetik.ch\/fr\/wp-json\/wp\/v2\/product_brand?post=63806"},{"taxonomy":"product_cat","embeddable":true,"href":"https:\/\/cndestetik.ch\/fr\/wp-json\/wp\/v2\/product_cat?post=63806"},{"taxonomy":"product_tag","embeddable":true,"href":"https:\/\/cndestetik.ch\/fr\/wp-json\/wp\/v2\/product_tag?post=63806"}],"curies":[{"name":"wp","href":"https:\/\/api.w.org\/{rel}","templated":true}]}}