{"id":63779,"date":"2023-12-05T15:36:17","date_gmt":"2023-12-05T14:36:17","guid":{"rendered":"https:\/\/cndestetik.ch\/prodotto\/fauteuil-melbourne\/"},"modified":"2024-01-24T13:53:58","modified_gmt":"2024-01-24T12:53:58","slug":"fauteuil-melbourne","status":"publish","type":"product","link":"https:\/\/cndestetik.ch\/fr\/prodotto\/fauteuil-melbourne\/","title":{"rendered":"Fauteuil Melbourne"},"content":{"rendered":"<p>Fauteuil polyvalent, pour les traitements des mains et des pieds, avec un si\u00e8ge pratique et confortable dot\u00e9 d&#8217;un syst\u00e8me d&#8217;inclinaison de 20\u00b0 et d&#8217;un syst\u00e8me de rotation de 360\u00b0 sans blocage de position. Les accoudoirs sont rembourr\u00e9s et \u00e9quip\u00e9s de 2 bols de manucure r\u00e9tractables.<\/p>\n<p>Disponible en 2 versions :<\/p>\n<p>&#8211; Avec deux jambi\u00e8res podologiques ind\u00e9pendantes, r\u00e9glables en angle et extensibles<br \/>\n\u00e0 la fin, amovible si n\u00e9cessaire.<br \/>\n&#8211; Avec un repose-jambes r\u00e9glable et amovible pour les traitements podologiques et un plateau en plastique<br \/>\nreposant sur un m\u00e9canisme inclinable (pour r\u00e9duire l&#8217;encombrement lorsqu&#8217;il n&#8217;est pas utilis\u00e9).<\/p>\n","protected":false},"excerpt":{"rendered":"<p>Fauteuil polyvalent, pour les traitements des mains et des pieds, avec une assise pratique et confortable<\/p>\n","protected":false},"featured_media":63033,"template":"","meta":{"_acf_changed":false},"product_brand":[],"product_cat":[11767],"product_tag":[12043,12093],"class_list":{"0":"post-63779","1":"product","2":"type-product","3":"status-publish","4":"has-post-thumbnail","6":"product_cat-ameublement","7":"product_tag-fauteuil","8":"product_tag-melbourne-fr","9":"pa_optional-poltrone-leggings-fr","10":"pa_optional-poltrone-repos-des-jambes","12":"first","13":"instock","14":"taxable","15":"shipping-taxable","16":"purchasable","17":"product-type-variable"},"acf":[],"jetpack_sharing_enabled":true,"_links":{"self":[{"href":"https:\/\/cndestetik.ch\/fr\/wp-json\/wp\/v2\/product\/63779","targetHints":{"allow":["GET"]}}],"collection":[{"href":"https:\/\/cndestetik.ch\/fr\/wp-json\/wp\/v2\/product"}],"about":[{"href":"https:\/\/cndestetik.ch\/fr\/wp-json\/wp\/v2\/types\/product"}],"wp:featuredmedia":[{"embeddable":true,"href":"https:\/\/cndestetik.ch\/fr\/wp-json\/wp\/v2\/media\/63033"}],"wp:attachment":[{"href":"https:\/\/cndestetik.ch\/fr\/wp-json\/wp\/v2\/media?parent=63779"}],"wp:term":[{"taxonomy":"product_brand","embeddable":true,"href":"https:\/\/cndestetik.ch\/fr\/wp-json\/wp\/v2\/product_brand?post=63779"},{"taxonomy":"product_cat","embeddable":true,"href":"https:\/\/cndestetik.ch\/fr\/wp-json\/wp\/v2\/product_cat?post=63779"},{"taxonomy":"product_tag","embeddable":true,"href":"https:\/\/cndestetik.ch\/fr\/wp-json\/wp\/v2\/product_tag?post=63779"}],"curies":[{"name":"wp","href":"https:\/\/api.w.org\/{rel}","templated":true}]}}