{"id":63768,"date":"2023-12-05T15:46:59","date_gmt":"2023-12-05T14:46:59","guid":{"rendered":"https:\/\/cndestetik.ch\/prodotto\/fauteuil-perth\/"},"modified":"2024-01-24T13:43:12","modified_gmt":"2024-01-24T12:43:12","slug":"fauteuil-perth","status":"publish","type":"product","link":"https:\/\/cndestetik.ch\/fr\/prodotto\/fauteuil-perth\/","title":{"rendered":"Fauteuil Perth"},"content":{"rendered":"<p>Fauteuil polyvalent, pour les traitements des mains et des pieds, avec un si\u00e8ge pratique et confortable dot\u00e9 d&#8217;un syst\u00e8me de rotation \u00e0 360\u00b0.<br \/>\n\u00e9quip\u00e9 d&#8217;un verrouillage de position et d&#8217;une inclinaison de 20\u00b0. Les accoudoirs sont rembourr\u00e9s et \u00e9quip\u00e9s de 2 bols de manucure r\u00e9tractables.<br \/>\nR\u00e9glage de la hauteur par piston hydraulique.<\/p>\n<p>Disponible en deux versions :<\/p>\n<p>&#8211; Avec deux jambi\u00e8res ind\u00e9pendantes pour les traitements podologiques, angle r\u00e9glable et extensible \u00e0 l&#8217;extr\u00e9mit\u00e9, amovible en<br \/>\nen cas de besoin.<br \/>\n&#8211; Avec un repose-jambes r\u00e9glable et amovible pour les traitements podologiques et une cuvette en plastique reposant sur un socle en acier inoxydable.<br \/>\nm\u00e9canisme d&#8217;inclinaison (pour r\u00e9duire l&#8217;encombrement lorsqu&#8217;il n&#8217;est pas utilis\u00e9).<\/p>\n","protected":false},"excerpt":{"rendered":"<p>Fauteuil polyvalent, pour les traitements des mains et des pieds, avec une assise pratique et confortable<\/p>\n","protected":false},"featured_media":63051,"template":"","meta":{"_acf_changed":false},"product_brand":[],"product_cat":[11767],"product_tag":[12043,12087],"class_list":{"0":"post-63768","1":"product","2":"type-product","3":"status-publish","4":"has-post-thumbnail","6":"product_cat-ameublement","7":"product_tag-fauteuil","8":"product_tag-perth-fr","9":"pa_optional-poltrone-leggings-fr","10":"pa_optional-poltrone-repos-des-jambes","12":"first","13":"instock","14":"taxable","15":"shipping-taxable","16":"purchasable","17":"product-type-variable"},"acf":[],"jetpack_sharing_enabled":true,"_links":{"self":[{"href":"https:\/\/cndestetik.ch\/fr\/wp-json\/wp\/v2\/product\/63768","targetHints":{"allow":["GET"]}}],"collection":[{"href":"https:\/\/cndestetik.ch\/fr\/wp-json\/wp\/v2\/product"}],"about":[{"href":"https:\/\/cndestetik.ch\/fr\/wp-json\/wp\/v2\/types\/product"}],"wp:featuredmedia":[{"embeddable":true,"href":"https:\/\/cndestetik.ch\/fr\/wp-json\/wp\/v2\/media\/63051"}],"wp:attachment":[{"href":"https:\/\/cndestetik.ch\/fr\/wp-json\/wp\/v2\/media?parent=63768"}],"wp:term":[{"taxonomy":"product_brand","embeddable":true,"href":"https:\/\/cndestetik.ch\/fr\/wp-json\/wp\/v2\/product_brand?post=63768"},{"taxonomy":"product_cat","embeddable":true,"href":"https:\/\/cndestetik.ch\/fr\/wp-json\/wp\/v2\/product_cat?post=63768"},{"taxonomy":"product_tag","embeddable":true,"href":"https:\/\/cndestetik.ch\/fr\/wp-json\/wp\/v2\/product_tag?post=63768"}],"curies":[{"name":"wp","href":"https:\/\/api.w.org\/{rel}","templated":true}]}}