{"id":63688,"date":"2023-12-05T15:31:41","date_gmt":"2023-12-05T14:31:41","guid":{"rendered":"https:\/\/cndestetik.ch\/prodotto\/fauteuil-sidney\/"},"modified":"2023-12-05T15:31:41","modified_gmt":"2023-12-05T14:31:41","slug":"fauteuil-sidney","status":"publish","type":"product","link":"https:\/\/cndestetik.ch\/fr\/prodotto\/fauteuil-sidney\/","title":{"rendered":"Fauteuil Sidney"},"content":{"rendered":"<p>Fauteuil de podologie avec r\u00e9glage de la hauteur au moyen d&#8217;un actionneur \u00e9lectrique avec t\u00e9l\u00e9commande. Les jambi\u00e8res sont ind\u00e9pendantes, \u00e0 inclinaison r\u00e9glable et dot\u00e9es d&#8217;un talon extensible. Il est \u00e9quip\u00e9 d&#8217;une t\u00eate de lit t\u00e9lescopique et d&#8217;accoudoirs rembourr\u00e9s. Le si\u00e8ge est \u00e9quip\u00e9 d&#8217;un syst\u00e8me d&#8217;inclinaison qui lui permet d&#8217;atteindre jusqu&#8217;\u00e0 40\u00b0 d&#8217;inclinaison. Disponible en 2 versions :<br \/>\nC21 : <strong>(1 moteur)<\/strong> basculement par piston \u00e0 gaz<br \/>\nC22 : <strong>(2 moteurs)<\/strong> bascule entra\u00een\u00e9e par un actionneur \u00e9lectrique<\/p>\n<p>L&#8217;ensemble de la structure est en acier rev\u00eatu de poudre \u00e9poxy, le rembourrage est en caoutchouc.<br \/>\nplume, recouvert de cuir \u00e9cologique classe de r\u00e9sistance au feu M1.<\/p>\n<p>Capacit\u00e9 de levage 150 kg.<\/p>\n","protected":false},"excerpt":{"rendered":"<p>Fauteuil de podologie avec r\u00e9glage de la hauteur au moyen d&#8217;un actionneur \u00e9lectrique avec t\u00e9l\u00e9commande.<\/p>\n","protected":false},"featured_media":63016,"template":"","meta":{"_acf_changed":false},"product_brand":[],"product_cat":[11767],"product_tag":[12043,12061],"class_list":{"0":"post-63688","1":"product","2":"type-product","3":"status-publish","4":"has-post-thumbnail","6":"product_cat-ameublement","7":"product_tag-fauteuil","8":"product_tag-sidney-fr","9":"pa_optional-poltrone-1-moteur","10":"pa_optional-poltrone-2-moteurs","12":"first","13":"instock","14":"taxable","15":"shipping-taxable","16":"purchasable","17":"product-type-variable"},"acf":[],"jetpack_sharing_enabled":true,"_links":{"self":[{"href":"https:\/\/cndestetik.ch\/fr\/wp-json\/wp\/v2\/product\/63688","targetHints":{"allow":["GET"]}}],"collection":[{"href":"https:\/\/cndestetik.ch\/fr\/wp-json\/wp\/v2\/product"}],"about":[{"href":"https:\/\/cndestetik.ch\/fr\/wp-json\/wp\/v2\/types\/product"}],"wp:featuredmedia":[{"embeddable":true,"href":"https:\/\/cndestetik.ch\/fr\/wp-json\/wp\/v2\/media\/63016"}],"wp:attachment":[{"href":"https:\/\/cndestetik.ch\/fr\/wp-json\/wp\/v2\/media?parent=63688"}],"wp:term":[{"taxonomy":"product_brand","embeddable":true,"href":"https:\/\/cndestetik.ch\/fr\/wp-json\/wp\/v2\/product_brand?post=63688"},{"taxonomy":"product_cat","embeddable":true,"href":"https:\/\/cndestetik.ch\/fr\/wp-json\/wp\/v2\/product_cat?post=63688"},{"taxonomy":"product_tag","embeddable":true,"href":"https:\/\/cndestetik.ch\/fr\/wp-json\/wp\/v2\/product_tag?post=63688"}],"curies":[{"name":"wp","href":"https:\/\/api.w.org\/{rel}","templated":true}]}}