{"id":63660,"date":"2023-12-06T13:42:17","date_gmt":"2023-12-06T12:42:17","guid":{"rendered":"https:\/\/cndestetik.ch\/prodotto\/fauteuil-doris\/"},"modified":"2023-12-06T13:42:17","modified_gmt":"2023-12-06T12:42:17","slug":"fauteuil-doris","status":"publish","type":"product","link":"https:\/\/cndestetik.ch\/fr\/prodotto\/fauteuil-doris\/","title":{"rendered":"Fauteuil Doris"},"content":{"rendered":"<p>Fauteuil de p\u00e9dicure avec baignoire professionnelle pour instituts de beaut\u00e9, \u00e9quip\u00e9 d&#8217;un repose-pieds r\u00e9glable en longueur et en largeur, d&#8217;un si\u00e8ge r\u00e9glable en hauteur et d&#8217;un espace pour positionner la baignoire de p\u00e9dicure.<\/p>\n","protected":false},"excerpt":{"rendered":"<p>Fauteuil de p\u00e9dicure avec baignoire professionnelle pour instituts de beaut\u00e9, \u00e9quip\u00e9 d&#8217;un repose-pieds r\u00e9glable en longueur et en largeur, d&#8217;un si\u00e8ge r\u00e9glable en hauteur et d&#8217;un espace pour positionner la baignoire de p\u00e9dicure.<\/p>\n","protected":false},"featured_media":63653,"template":"","meta":{"_acf_changed":false},"product_brand":[],"product_cat":[11767],"product_tag":[12044,12043],"class_list":{"0":"post-63660","1":"product","2":"type-product","3":"status-publish","4":"has-post-thumbnail","6":"product_cat-ameublement","7":"product_tag-doris-fr","8":"product_tag-fauteuil","10":"first","11":"instock","12":"sale","13":"taxable","14":"shipping-taxable","15":"purchasable","16":"product-type-simple"},"acf":[],"jetpack_sharing_enabled":true,"_links":{"self":[{"href":"https:\/\/cndestetik.ch\/fr\/wp-json\/wp\/v2\/product\/63660","targetHints":{"allow":["GET"]}}],"collection":[{"href":"https:\/\/cndestetik.ch\/fr\/wp-json\/wp\/v2\/product"}],"about":[{"href":"https:\/\/cndestetik.ch\/fr\/wp-json\/wp\/v2\/types\/product"}],"wp:featuredmedia":[{"embeddable":true,"href":"https:\/\/cndestetik.ch\/fr\/wp-json\/wp\/v2\/media\/63653"}],"wp:attachment":[{"href":"https:\/\/cndestetik.ch\/fr\/wp-json\/wp\/v2\/media?parent=63660"}],"wp:term":[{"taxonomy":"product_brand","embeddable":true,"href":"https:\/\/cndestetik.ch\/fr\/wp-json\/wp\/v2\/product_brand?post=63660"},{"taxonomy":"product_cat","embeddable":true,"href":"https:\/\/cndestetik.ch\/fr\/wp-json\/wp\/v2\/product_cat?post=63660"},{"taxonomy":"product_tag","embeddable":true,"href":"https:\/\/cndestetik.ch\/fr\/wp-json\/wp\/v2\/product_tag?post=63660"}],"curies":[{"name":"wp","href":"https:\/\/api.w.org\/{rel}","templated":true}]}}