{"id":63571,"date":"2023-12-06T13:23:58","date_gmt":"2023-12-06T12:23:58","guid":{"rendered":"https:\/\/cndestetik.ch\/prodotto\/table-qbo\/"},"modified":"2025-02-11T08:54:07","modified_gmt":"2025-02-11T07:54:07","slug":"table-qbo","status":"publish","type":"product","link":"https:\/\/cndestetik.ch\/fr\/prodotto\/table-qbo\/","title":{"rendered":"Table QBO"},"content":{"rendered":"<p>Table de manucure en bois m\u00e9lamin\u00e9 avec finition bicolore. La partie sup\u00e9rieure de l&#8217;armoire comporte deux petites \u00e9tag\u00e8res pour placer les produits fr\u00e9quemment utilis\u00e9s et un compartiment avec une porte. La partie inf\u00e9rieure comporte un tiroir coulissant et un compartiment avec une porte. Surface de travail ergonomique.<\/p>\n<p><strong>En option :<\/strong><\/p>\n<ul>\n<li>Coussin repose-mains 32 CHF<\/li>\n<li>Lampe Led 98 CHF<\/li>\n<li>Aspirateur 226 CHF<\/li>\n<\/ul>\n<p>Chaque option est sujette \u00e0 des changements de prix en cas de r\u00e9duction. Sp\u00e9cifiez les options souhait\u00e9es dans les notes d&#8217;achat.<\/p>\n","protected":false},"excerpt":{"rendered":"<p>Table de manucure en bois m\u00e9lamin\u00e9 avec finition bicolore. La partie sup\u00e9rieure de l&#8217;armoire comporte deux petites \u00e9tag\u00e8res pour placer les produits fr\u00e9quemment utilis\u00e9s et un compartiment avec une porte.<\/p>\n","protected":false},"featured_media":64112,"template":"","meta":{"_acf_changed":false},"product_brand":[],"product_cat":[11767],"product_tag":[12024],"class_list":{"0":"post-63571","1":"product","2":"type-product","3":"status-publish","4":"has-post-thumbnail","6":"product_cat-ameublement","7":"product_tag-qbo-fr","8":"pa_tavolo-table-double","9":"pa_tavolo-table-double-avec-tiroirs-et-presentoir-superieur","10":"pa_tavolo-table-simple-avec-tiroirs-et-presentoir-superieur","11":"pa_tavolo-table-unique","13":"first","14":"instock","15":"taxable","16":"shipping-taxable","17":"purchasable","18":"product-type-variable"},"acf":[],"jetpack_sharing_enabled":true,"_links":{"self":[{"href":"https:\/\/cndestetik.ch\/fr\/wp-json\/wp\/v2\/product\/63571","targetHints":{"allow":["GET"]}}],"collection":[{"href":"https:\/\/cndestetik.ch\/fr\/wp-json\/wp\/v2\/product"}],"about":[{"href":"https:\/\/cndestetik.ch\/fr\/wp-json\/wp\/v2\/types\/product"}],"wp:featuredmedia":[{"embeddable":true,"href":"https:\/\/cndestetik.ch\/fr\/wp-json\/wp\/v2\/media\/64112"}],"wp:attachment":[{"href":"https:\/\/cndestetik.ch\/fr\/wp-json\/wp\/v2\/media?parent=63571"}],"wp:term":[{"taxonomy":"product_brand","embeddable":true,"href":"https:\/\/cndestetik.ch\/fr\/wp-json\/wp\/v2\/product_brand?post=63571"},{"taxonomy":"product_cat","embeddable":true,"href":"https:\/\/cndestetik.ch\/fr\/wp-json\/wp\/v2\/product_cat?post=63571"},{"taxonomy":"product_tag","embeddable":true,"href":"https:\/\/cndestetik.ch\/fr\/wp-json\/wp\/v2\/product_tag?post=63571"}],"curies":[{"name":"wp","href":"https:\/\/api.w.org\/{rel}","templated":true}]}}