{"id":63552,"date":"2023-12-06T13:11:07","date_gmt":"2023-12-06T12:11:07","guid":{"rendered":"https:\/\/cndestetik.ch\/prodotto\/table-a-vagues\/"},"modified":"2025-02-11T08:52:52","modified_gmt":"2025-02-11T07:52:52","slug":"onde-de-table","status":"publish","type":"product","link":"https:\/\/cndestetik.ch\/fr\/prodotto\/onde-de-table\/","title":{"rendered":"Table \u00e0 vagues"},"content":{"rendered":"<p>Table basse Manucure en bois m\u00e9lamin\u00e9 avec finition bicolore, disponible en 2 versions :<\/p>\n<ul>\n<li>Poste simple : \u00e9quip\u00e9 d&#8217;un bloc-tiroirs sur roulettes avec 3 tiroirs, utile pour placer des produits ou des outils de travail. Surface de travail ergonomique.<\/li>\n<li>Poste double : \u00e9quip\u00e9 de 2 armoires lat\u00e9rales, chacune avec 2 tiroirs, et d&#8217;un compartiment central avec une porte \u00e0 charni\u00e8res. La table de travail est con\u00e7ue de mani\u00e8re ergonomique pour accueillir quatre lampes UV.<\/li>\n<\/ul>\n<p><strong>En option :<\/strong><\/p>\n<ul>\n<li>Coussin repose-mains 32 CHF<\/li>\n<li>Lampe Led 98 CHF<\/li>\n<li>Aspirateur 226 CHF<\/li>\n<\/ul>\n<p>Chaque option est sujette \u00e0 des changements de prix en cas de r\u00e9duction. Sp\u00e9cifiez les options souhait\u00e9es dans les notes d&#8217;achat.<\/p>\n","protected":false},"excerpt":{"rendered":"<p>Table basse Manucure en bois m\u00e9lamin\u00e9 avec finition bicolore, disponible en 2 versions.<\/p>\n","protected":false},"featured_media":63537,"template":"","meta":{"_acf_changed":false},"product_brand":[],"product_cat":[11767],"product_tag":[10897,12012],"class_list":{"0":"post-63552","1":"product","2":"type-product","3":"status-publish","4":"has-post-thumbnail","6":"product_cat-ameublement","7":"product_tag-tableau-fr","8":"product_tag-vague-fr","9":"pa_tavolo-table-double","10":"pa_tavolo-table-unique","12":"first","13":"instock","14":"taxable","15":"shipping-taxable","16":"purchasable","17":"product-type-variable"},"acf":[],"jetpack_sharing_enabled":true,"_links":{"self":[{"href":"https:\/\/cndestetik.ch\/fr\/wp-json\/wp\/v2\/product\/63552","targetHints":{"allow":["GET"]}}],"collection":[{"href":"https:\/\/cndestetik.ch\/fr\/wp-json\/wp\/v2\/product"}],"about":[{"href":"https:\/\/cndestetik.ch\/fr\/wp-json\/wp\/v2\/types\/product"}],"wp:featuredmedia":[{"embeddable":true,"href":"https:\/\/cndestetik.ch\/fr\/wp-json\/wp\/v2\/media\/63537"}],"wp:attachment":[{"href":"https:\/\/cndestetik.ch\/fr\/wp-json\/wp\/v2\/media?parent=63552"}],"wp:term":[{"taxonomy":"product_brand","embeddable":true,"href":"https:\/\/cndestetik.ch\/fr\/wp-json\/wp\/v2\/product_brand?post=63552"},{"taxonomy":"product_cat","embeddable":true,"href":"https:\/\/cndestetik.ch\/fr\/wp-json\/wp\/v2\/product_cat?post=63552"},{"taxonomy":"product_tag","embeddable":true,"href":"https:\/\/cndestetik.ch\/fr\/wp-json\/wp\/v2\/product_tag?post=63552"}],"curies":[{"name":"wp","href":"https:\/\/api.w.org\/{rel}","templated":true}]}}