{"id":63524,"date":"2023-12-06T11:30:18","date_gmt":"2023-12-06T10:30:18","guid":{"rendered":"https:\/\/cndestetik.ch\/prodotto\/unite-de-lavabo\/"},"modified":"2024-01-23T14:23:21","modified_gmt":"2024-01-23T13:23:21","slug":"meubles-de-lavabo","status":"publish","type":"product","link":"https:\/\/cndestetik.ch\/fr\/prodotto\/meubles-de-lavabo\/","title":{"rendered":"Unit\u00e9 de lavabo"},"content":{"rendered":"<p>Ne laissez pas vos murs inutilis\u00e9s. Ces pr\u00e9sentoirs vous permettent de mettre en valeur vos produits. Nous avons plusieurs mod\u00e8les qui peuvent \u00eatre coordonn\u00e9s avec nos lits. Tous les mod\u00e8les peuvent \u00eatre install\u00e9s verticalement ou horizontalement. Armoire de service technique avec 2 modules empilables.<\/p>\n<p>Les deux modules sont \u00e9quip\u00e9s d&#8217;un tiroir \u00e0 fermeture progressive, le module sup\u00e9rieur est \u00e9quip\u00e9 d&#8217;un lavabo en acier inoxydable (robinets exclus). L&#8217;armoire peut \u00eatre combin\u00e9e avec 2 petites \u00e9tag\u00e8res et un miroir.<\/p>\n","protected":false},"excerpt":{"rendered":"<p>Ne laissez pas vos murs inutilis\u00e9s. Ces pr\u00e9sentoirs vous permettent de mettre en valeur vos produits. Nous avons plusieurs mod\u00e8les qui peuvent \u00eatre coordonn\u00e9s avec nos lits.<\/p>\n","protected":false},"featured_media":63517,"template":"","meta":{"_acf_changed":false},"product_brand":[],"product_cat":[11767],"product_tag":[12000,11999,1418],"class_list":{"0":"post-63524","1":"product","2":"type-product","3":"status-publish","4":"has-post-thumbnail","6":"product_cat-ameublement","7":"product_tag-evier","8":"product_tag-lavabo-fr","9":"product_tag-mobile-fr","11":"first","12":"instock","13":"taxable","14":"shipping-taxable","15":"purchasable","16":"product-type-simple"},"acf":[],"jetpack_sharing_enabled":true,"_links":{"self":[{"href":"https:\/\/cndestetik.ch\/fr\/wp-json\/wp\/v2\/product\/63524","targetHints":{"allow":["GET"]}}],"collection":[{"href":"https:\/\/cndestetik.ch\/fr\/wp-json\/wp\/v2\/product"}],"about":[{"href":"https:\/\/cndestetik.ch\/fr\/wp-json\/wp\/v2\/types\/product"}],"wp:featuredmedia":[{"embeddable":true,"href":"https:\/\/cndestetik.ch\/fr\/wp-json\/wp\/v2\/media\/63517"}],"wp:attachment":[{"href":"https:\/\/cndestetik.ch\/fr\/wp-json\/wp\/v2\/media?parent=63524"}],"wp:term":[{"taxonomy":"product_brand","embeddable":true,"href":"https:\/\/cndestetik.ch\/fr\/wp-json\/wp\/v2\/product_brand?post=63524"},{"taxonomy":"product_cat","embeddable":true,"href":"https:\/\/cndestetik.ch\/fr\/wp-json\/wp\/v2\/product_cat?post=63524"},{"taxonomy":"product_tag","embeddable":true,"href":"https:\/\/cndestetik.ch\/fr\/wp-json\/wp\/v2\/product_tag?post=63524"}],"curies":[{"name":"wp","href":"https:\/\/api.w.org\/{rel}","templated":true}]}}