{"id":63509,"date":"2023-12-06T11:23:38","date_gmt":"2023-12-06T10:23:38","guid":{"rendered":"https:\/\/cndestetik.ch\/prodotto\/canape-petalo\/"},"modified":"2023-12-06T11:23:38","modified_gmt":"2023-12-06T10:23:38","slug":"canape-petalo","status":"publish","type":"product","link":"https:\/\/cndestetik.ch\/fr\/prodotto\/canape-petalo\/","title":{"rendered":"Canap\u00e9 Petalo"},"content":{"rendered":"<p>Fauteuil de salle d&#8217;attente 3 places avec dossier rembourr\u00e9. Fabriqu\u00e9 en caoutchouc mousse recouvert de similicuir. La forme ergonomique du si\u00e8ge facilite la mont\u00e9e et la descente de l&#8217;utilisateur.<\/p>\n","protected":false},"excerpt":{"rendered":"<p>Fauteuil de salle d&#8217;attente 3 places avec dossier rembourr\u00e9. Fabriqu\u00e9 en caoutchouc mousse recouvert de similicuir.<\/p>\n","protected":false},"featured_media":63495,"template":"","meta":{"_acf_changed":false},"product_brand":[],"product_cat":[11767],"product_tag":[11989,11990],"class_list":{"0":"post-63509","1":"product","2":"type-product","3":"status-publish","4":"has-post-thumbnail","6":"product_cat-ameublement","7":"product_tag-canape","8":"product_tag-petale-fr","9":"pa_sofa-canape","10":"pa_sofa-pouf-fr","12":"first","13":"instock","14":"taxable","15":"shipping-taxable","16":"purchasable","17":"product-type-variable"},"acf":[],"jetpack_sharing_enabled":true,"_links":{"self":[{"href":"https:\/\/cndestetik.ch\/fr\/wp-json\/wp\/v2\/product\/63509","targetHints":{"allow":["GET"]}}],"collection":[{"href":"https:\/\/cndestetik.ch\/fr\/wp-json\/wp\/v2\/product"}],"about":[{"href":"https:\/\/cndestetik.ch\/fr\/wp-json\/wp\/v2\/types\/product"}],"wp:featuredmedia":[{"embeddable":true,"href":"https:\/\/cndestetik.ch\/fr\/wp-json\/wp\/v2\/media\/63495"}],"wp:attachment":[{"href":"https:\/\/cndestetik.ch\/fr\/wp-json\/wp\/v2\/media?parent=63509"}],"wp:term":[{"taxonomy":"product_brand","embeddable":true,"href":"https:\/\/cndestetik.ch\/fr\/wp-json\/wp\/v2\/product_brand?post=63509"},{"taxonomy":"product_cat","embeddable":true,"href":"https:\/\/cndestetik.ch\/fr\/wp-json\/wp\/v2\/product_cat?post=63509"},{"taxonomy":"product_tag","embeddable":true,"href":"https:\/\/cndestetik.ch\/fr\/wp-json\/wp\/v2\/product_tag?post=63509"}],"curies":[{"name":"wp","href":"https:\/\/api.w.org\/{rel}","templated":true}]}}