{"id":63482,"date":"2023-12-06T11:09:43","date_gmt":"2023-12-06T10:09:43","guid":{"rendered":"https:\/\/cndestetik.ch\/prodotto\/bureau-daccueil\/"},"modified":"2024-01-12T15:14:39","modified_gmt":"2024-01-12T14:14:39","slug":"contre-reception","status":"publish","type":"product","link":"https:\/\/cndestetik.ch\/fr\/prodotto\/contre-reception\/","title":{"rendered":"Bureau d&#8217;accueil"},"content":{"rendered":"<p>Bureau de r\u00e9ception \u00e9quip\u00e9 d&#8217;un tiroir verrouillable, d&#8217;une tablette coulissante, d&#8217;un compartiment avec porte et d&#8217;une tablette pouvant \u00eatre positionn\u00e9e \u00e0 diff\u00e9rentes hauteurs.<br \/>\nUn module gauche et un module droit peuvent \u00eatre ajout\u00e9s au banc. Les modules ont un compartiment ouvert et un compartiment avec une porte.<\/p>\n","protected":false},"excerpt":{"rendered":"<p>Bureau de r\u00e9ception \u00e9quip\u00e9 d&#8217;un tiroir verrouillable, d&#8217;une tablette coulissante, d&#8217;un compartiment avec porte et d&#8217;une tablette pouvant \u00eatre positionn\u00e9e \u00e0 diff\u00e9rentes hauteurs.<\/p>\n","protected":false},"featured_media":63450,"template":"","meta":{"_acf_changed":false},"product_brand":[],"product_cat":[11767],"product_tag":[11973,11972],"class_list":{"0":"post-63482","1":"product","2":"type-product","3":"status-publish","4":"has-post-thumbnail","6":"product_cat-ameublement","7":"product_tag-banque","8":"product_tag-reception-fr","9":"pa_banco-formulaire-de-reclamation","10":"pa_banco-module-central","11":"pa_banco-module-de-droite","13":"first","14":"instock","15":"taxable","16":"shipping-taxable","17":"purchasable","18":"product-type-variable"},"acf":[],"jetpack_sharing_enabled":true,"_links":{"self":[{"href":"https:\/\/cndestetik.ch\/fr\/wp-json\/wp\/v2\/product\/63482","targetHints":{"allow":["GET"]}}],"collection":[{"href":"https:\/\/cndestetik.ch\/fr\/wp-json\/wp\/v2\/product"}],"about":[{"href":"https:\/\/cndestetik.ch\/fr\/wp-json\/wp\/v2\/types\/product"}],"wp:featuredmedia":[{"embeddable":true,"href":"https:\/\/cndestetik.ch\/fr\/wp-json\/wp\/v2\/media\/63450"}],"wp:attachment":[{"href":"https:\/\/cndestetik.ch\/fr\/wp-json\/wp\/v2\/media?parent=63482"}],"wp:term":[{"taxonomy":"product_brand","embeddable":true,"href":"https:\/\/cndestetik.ch\/fr\/wp-json\/wp\/v2\/product_brand?post=63482"},{"taxonomy":"product_cat","embeddable":true,"href":"https:\/\/cndestetik.ch\/fr\/wp-json\/wp\/v2\/product_cat?post=63482"},{"taxonomy":"product_tag","embeddable":true,"href":"https:\/\/cndestetik.ch\/fr\/wp-json\/wp\/v2\/product_tag?post=63482"}],"curies":[{"name":"wp","href":"https:\/\/api.w.org\/{rel}","templated":true}]}}